{"id":17411,"date":"2021-03-21T17:20:48","date_gmt":"2021-03-21T16:20:48","guid":{"rendered":"https:\/\/woodfield.nl\/mastics-et-menuiserie\/repair-care"},"modified":"2021-03-21T17:20:48","modified_gmt":"2021-03-21T16:20:48","slug":"repair-care","status":"publish","type":"page","link":"https:\/\/woodfield.nl\/fr\/gamme-de-produits-woodfield\/mastics-et-menuiserie\/repair-care","title":{"rendered":"Traduction \u00c9tanch\u00e9it\u00e9 et travail du bois \u2013 Repair Care"},"content":{"rendered":"","protected":false},"excerpt":{"rendered":"","protected":false},"author":1,"featured_media":0,"parent":17379,"menu_order":260,"comment_status":"closed","ping_status":"closed","template":"page.php","meta":{"_acf_changed":false,"footnotes":""},"class_list":["entry","page","publish","author-dennis","post-17411","hentry"],"acf":[],"yoast_head":"<!-- This site is optimized with the Yoast SEO plugin v26.5 - https:\/\/yoast.com\/wordpress\/plugins\/seo\/ -->\n<title>Avec Repair Care, trouvez tout ce dont vous avez besoin pour l&#039;\u00e9tanch\u00e9it\u00e9 et le travail du bois<\/title>\n<meta name=\"description\" content=\"Woodfield est depuis des ann\u00e9es un distributeur officiel de Repair Care. Alors ne manquez pas de nous rendre visite si vous cherchez un produit Repair\" \/>\n<meta name=\"robots\" content=\"index, follow, max-snippet:-1, max-image-preview:large, max-video-preview:-1\" \/>\n<link rel=\"canonical\" href=\"https:\/\/woodfield.nl\/fr\/gamme-de-produits-woodfield\/mastics-et-menuiserie\/repair-care\" \/>\n<meta property=\"og:locale\" content=\"fr_FR\" \/>\n<meta property=\"og:type\" content=\"article\" \/>\n<meta property=\"og:title\" content=\"Avec Repair Care, trouvez tout ce dont vous avez besoin pour l&#039;\u00e9tanch\u00e9it\u00e9 et le travail du bois\" \/>\n<meta property=\"og:description\" content=\"Woodfield est depuis des ann\u00e9es un distributeur officiel de Repair Care. Alors ne manquez pas de nous rendre visite si vous cherchez un produit Repair\" \/>\n<meta property=\"og:url\" content=\"https:\/\/woodfield.nl\/fr\/gamme-de-produits-woodfield\/mastics-et-menuiserie\/repair-care\" \/>\n<meta property=\"og:site_name\" content=\"Woodfield - alles voor schilder en stukadoor\" \/>\n<script type=\"application\/ld+json\" class=\"yoast-schema-graph\">{\"@context\":\"https:\/\/schema.org\",\"@graph\":[{\"@type\":\"WebPage\",\"@id\":\"https:\/\/woodfield.nl\/fr\/gamme-de-produits-woodfield\/mastics-et-menuiserie\/repair-care\",\"url\":\"https:\/\/woodfield.nl\/fr\/gamme-de-produits-woodfield\/mastics-et-menuiserie\/repair-care\",\"name\":\"Avec Repair Care, trouvez tout ce dont vous avez besoin pour l'\u00e9tanch\u00e9it\u00e9 et le travail du bois\",\"isPartOf\":{\"@id\":\"https:\/\/woodfield.nl\/#website\"},\"datePublished\":\"2021-03-21T16:20:48+00:00\",\"description\":\"Woodfield est depuis des ann\u00e9es un distributeur officiel de Repair Care. Alors ne manquez pas de nous rendre visite si vous cherchez un produit Repair\",\"breadcrumb\":{\"@id\":\"https:\/\/woodfield.nl\/fr\/gamme-de-produits-woodfield\/mastics-et-menuiserie\/repair-care#breadcrumb\"},\"inLanguage\":\"fr-FR\",\"potentialAction\":[{\"@type\":\"ReadAction\",\"target\":[\"https:\/\/woodfield.nl\/fr\/gamme-de-produits-woodfield\/mastics-et-menuiserie\/repair-care\"]}]},{\"@type\":\"BreadcrumbList\",\"@id\":\"https:\/\/woodfield.nl\/fr\/gamme-de-produits-woodfield\/mastics-et-menuiserie\/repair-care#breadcrumb\",\"itemListElement\":[{\"@type\":\"ListItem\",\"position\":1,\"name\":\"Assortiment\",\"item\":\"https:\/\/woodfield.nl\/fr\/gamme-de-produits-woodfield\"},{\"@type\":\"ListItem\",\"position\":2,\"name\":\"MASTICS ET MENUISERIE\",\"item\":\"https:\/\/woodfield.nl\/fr\/gamme-de-produits-woodfield\/mastics-et-menuiserie\"},{\"@type\":\"ListItem\",\"position\":3,\"name\":\"Traduction \u00c9tanch\u00e9it\u00e9 et travail du bois \u2013 Repair Care\"}]},{\"@type\":\"WebSite\",\"@id\":\"https:\/\/woodfield.nl\/#website\",\"url\":\"https:\/\/woodfield.nl\/\",\"name\":\"Woodfield - alles voor schilder en stukadoor\",\"description\":\"\",\"potentialAction\":[{\"@type\":\"SearchAction\",\"target\":{\"@type\":\"EntryPoint\",\"urlTemplate\":\"https:\/\/woodfield.nl\/?s={search_term_string}\"},\"query-input\":{\"@type\":\"PropertyValueSpecification\",\"valueRequired\":true,\"valueName\":\"search_term_string\"}}],\"inLanguage\":\"fr-FR\"}]}<\/script>\n<!-- \/ Yoast SEO plugin. -->","yoast_head_json":{"title":"Avec Repair Care, trouvez tout ce dont vous avez besoin pour l'\u00e9tanch\u00e9it\u00e9 et le travail du bois","description":"Woodfield est depuis des ann\u00e9es un distributeur officiel de Repair Care. Alors ne manquez pas de nous rendre visite si vous cherchez un produit Repair","robots":{"index":"index","follow":"follow","max-snippet":"max-snippet:-1","max-image-preview":"max-image-preview:large","max-video-preview":"max-video-preview:-1"},"canonical":"https:\/\/woodfield.nl\/fr\/gamme-de-produits-woodfield\/mastics-et-menuiserie\/repair-care","og_locale":"fr_FR","og_type":"article","og_title":"Avec Repair Care, trouvez tout ce dont vous avez besoin pour l'\u00e9tanch\u00e9it\u00e9 et le travail du bois","og_description":"Woodfield est depuis des ann\u00e9es un distributeur officiel de Repair Care. Alors ne manquez pas de nous rendre visite si vous cherchez un produit Repair","og_url":"https:\/\/woodfield.nl\/fr\/gamme-de-produits-woodfield\/mastics-et-menuiserie\/repair-care","og_site_name":"Woodfield - alles voor schilder en stukadoor","schema":{"@context":"https:\/\/schema.org","@graph":[{"@type":"WebPage","@id":"https:\/\/woodfield.nl\/fr\/gamme-de-produits-woodfield\/mastics-et-menuiserie\/repair-care","url":"https:\/\/woodfield.nl\/fr\/gamme-de-produits-woodfield\/mastics-et-menuiserie\/repair-care","name":"Avec Repair Care, trouvez tout ce dont vous avez besoin pour l'\u00e9tanch\u00e9it\u00e9 et le travail du bois","isPartOf":{"@id":"https:\/\/woodfield.nl\/#website"},"datePublished":"2021-03-21T16:20:48+00:00","description":"Woodfield est depuis des ann\u00e9es un distributeur officiel de Repair Care. Alors ne manquez pas de nous rendre visite si vous cherchez un produit Repair","breadcrumb":{"@id":"https:\/\/woodfield.nl\/fr\/gamme-de-produits-woodfield\/mastics-et-menuiserie\/repair-care#breadcrumb"},"inLanguage":"fr-FR","potentialAction":[{"@type":"ReadAction","target":["https:\/\/woodfield.nl\/fr\/gamme-de-produits-woodfield\/mastics-et-menuiserie\/repair-care"]}]},{"@type":"BreadcrumbList","@id":"https:\/\/woodfield.nl\/fr\/gamme-de-produits-woodfield\/mastics-et-menuiserie\/repair-care#breadcrumb","itemListElement":[{"@type":"ListItem","position":1,"name":"Assortiment","item":"https:\/\/woodfield.nl\/fr\/gamme-de-produits-woodfield"},{"@type":"ListItem","position":2,"name":"MASTICS ET MENUISERIE","item":"https:\/\/woodfield.nl\/fr\/gamme-de-produits-woodfield\/mastics-et-menuiserie"},{"@type":"ListItem","position":3,"name":"Traduction \u00c9tanch\u00e9it\u00e9 et travail du bois \u2013 Repair Care"}]},{"@type":"WebSite","@id":"https:\/\/woodfield.nl\/#website","url":"https:\/\/woodfield.nl\/","name":"Woodfield - alles voor schilder en stukadoor","description":"","potentialAction":[{"@type":"SearchAction","target":{"@type":"EntryPoint","urlTemplate":"https:\/\/woodfield.nl\/?s={search_term_string}"},"query-input":{"@type":"PropertyValueSpecification","valueRequired":true,"valueName":"search_term_string"}}],"inLanguage":"fr-FR"}]}},"_links":{"self":[{"href":"https:\/\/woodfield.nl\/fr\/wp-json\/wp\/v2\/pages\/17411","targetHints":{"allow":["GET"]}}],"collection":[{"href":"https:\/\/woodfield.nl\/fr\/wp-json\/wp\/v2\/pages"}],"about":[{"href":"https:\/\/woodfield.nl\/fr\/wp-json\/wp\/v2\/types\/page"}],"author":[{"embeddable":true,"href":"https:\/\/woodfield.nl\/fr\/wp-json\/wp\/v2\/users\/1"}],"replies":[{"embeddable":true,"href":"https:\/\/woodfield.nl\/fr\/wp-json\/wp\/v2\/comments?post=17411"}],"version-history":[{"count":0,"href":"https:\/\/woodfield.nl\/fr\/wp-json\/wp\/v2\/pages\/17411\/revisions"}],"up":[{"embeddable":true,"href":"https:\/\/woodfield.nl\/fr\/wp-json\/wp\/v2\/pages\/17379"}],"wp:attachment":[{"href":"https:\/\/woodfield.nl\/fr\/wp-json\/wp\/v2\/media?parent=17411"}],"curies":[{"name":"wp","href":"https:\/\/api.w.org\/{rel}","templated":true}]}}