{"id":17405,"date":"2021-03-21T17:25:17","date_gmt":"2021-03-21T16:25:17","guid":{"rendered":"https:\/\/woodfield.nl\/mastics-et-menuiserie\/renovaid"},"modified":"2021-03-21T17:25:17","modified_gmt":"2021-03-21T16:25:17","slug":"renovaid","status":"publish","type":"page","link":"https:\/\/woodfield.nl\/fr\/gamme-de-produits-woodfield\/mastics-et-menuiserie\/renovaid","title":{"rendered":"Kitten en Houtbewerking \u2013 Renovaid"},"content":{"rendered":"","protected":false},"excerpt":{"rendered":"","protected":false},"author":3,"featured_media":0,"parent":17379,"menu_order":257,"comment_status":"closed","ping_status":"closed","template":"page.php","meta":{"_acf_changed":false,"footnotes":""},"class_list":["entry","page","publish","author-woodfield","post-17405","hentry"],"acf":[],"yoast_head":"<!-- This site is optimized with the Yoast SEO plugin v26.5 - https:\/\/yoast.com\/wordpress\/plugins\/seo\/ -->\n<title>Woodfield \u2013 Fournisseur de plusieurs produits Renovaid !<\/title>\n<meta name=\"description\" content=\"Renovaid est sp\u00e9cialis\u00e9 dans les syst\u00e8mes de r\u00e9paration et de r\u00e9novation du bois. Vous trouverez diff\u00e9rents produits de Renovaid chez Woodfield.\" \/>\n<meta name=\"robots\" content=\"index, follow, max-snippet:-1, max-image-preview:large, max-video-preview:-1\" \/>\n<link rel=\"canonical\" href=\"https:\/\/woodfield.nl\/fr\/gamme-de-produits-woodfield\/mastics-et-menuiserie\/renovaid\" \/>\n<meta property=\"og:locale\" content=\"fr_FR\" \/>\n<meta property=\"og:type\" content=\"article\" \/>\n<meta property=\"og:title\" content=\"Woodfield \u2013 Fournisseur de plusieurs produits Renovaid !\" \/>\n<meta property=\"og:description\" content=\"Renovaid est sp\u00e9cialis\u00e9 dans les syst\u00e8mes de r\u00e9paration et de r\u00e9novation du bois. Vous trouverez diff\u00e9rents produits de Renovaid chez Woodfield.\" \/>\n<meta property=\"og:url\" content=\"https:\/\/woodfield.nl\/fr\/gamme-de-produits-woodfield\/mastics-et-menuiserie\/renovaid\" \/>\n<meta property=\"og:site_name\" content=\"Woodfield - alles voor schilder en stukadoor\" \/>\n<script type=\"application\/ld+json\" class=\"yoast-schema-graph\">{\"@context\":\"https:\/\/schema.org\",\"@graph\":[{\"@type\":\"WebPage\",\"@id\":\"https:\/\/woodfield.nl\/fr\/gamme-de-produits-woodfield\/mastics-et-menuiserie\/renovaid\",\"url\":\"https:\/\/woodfield.nl\/fr\/gamme-de-produits-woodfield\/mastics-et-menuiserie\/renovaid\",\"name\":\"Woodfield \u2013 Fournisseur de plusieurs produits Renovaid !\",\"isPartOf\":{\"@id\":\"https:\/\/woodfield.nl\/#website\"},\"datePublished\":\"2021-03-21T16:25:17+00:00\",\"description\":\"Renovaid est sp\u00e9cialis\u00e9 dans les syst\u00e8mes de r\u00e9paration et de r\u00e9novation du bois. Vous trouverez diff\u00e9rents produits de Renovaid chez Woodfield.\",\"breadcrumb\":{\"@id\":\"https:\/\/woodfield.nl\/fr\/gamme-de-produits-woodfield\/mastics-et-menuiserie\/renovaid#breadcrumb\"},\"inLanguage\":\"fr-FR\",\"potentialAction\":[{\"@type\":\"ReadAction\",\"target\":[\"https:\/\/woodfield.nl\/fr\/gamme-de-produits-woodfield\/mastics-et-menuiserie\/renovaid\"]}]},{\"@type\":\"BreadcrumbList\",\"@id\":\"https:\/\/woodfield.nl\/fr\/gamme-de-produits-woodfield\/mastics-et-menuiserie\/renovaid#breadcrumb\",\"itemListElement\":[{\"@type\":\"ListItem\",\"position\":1,\"name\":\"Assortiment\",\"item\":\"https:\/\/woodfield.nl\/fr\/gamme-de-produits-woodfield\"},{\"@type\":\"ListItem\",\"position\":2,\"name\":\"MASTICS ET MENUISERIE\",\"item\":\"https:\/\/woodfield.nl\/fr\/gamme-de-produits-woodfield\/mastics-et-menuiserie\"},{\"@type\":\"ListItem\",\"position\":3,\"name\":\"Kitten en Houtbewerking \u2013 Renovaid\"}]},{\"@type\":\"WebSite\",\"@id\":\"https:\/\/woodfield.nl\/#website\",\"url\":\"https:\/\/woodfield.nl\/\",\"name\":\"Woodfield - alles voor schilder en stukadoor\",\"description\":\"\",\"potentialAction\":[{\"@type\":\"SearchAction\",\"target\":{\"@type\":\"EntryPoint\",\"urlTemplate\":\"https:\/\/woodfield.nl\/?s={search_term_string}\"},\"query-input\":{\"@type\":\"PropertyValueSpecification\",\"valueRequired\":true,\"valueName\":\"search_term_string\"}}],\"inLanguage\":\"fr-FR\"}]}<\/script>\n<!-- \/ Yoast SEO plugin. -->","yoast_head_json":{"title":"Woodfield \u2013 Fournisseur de plusieurs produits Renovaid !","description":"Renovaid est sp\u00e9cialis\u00e9 dans les syst\u00e8mes de r\u00e9paration et de r\u00e9novation du bois. Vous trouverez diff\u00e9rents produits de Renovaid chez Woodfield.","robots":{"index":"index","follow":"follow","max-snippet":"max-snippet:-1","max-image-preview":"max-image-preview:large","max-video-preview":"max-video-preview:-1"},"canonical":"https:\/\/woodfield.nl\/fr\/gamme-de-produits-woodfield\/mastics-et-menuiserie\/renovaid","og_locale":"fr_FR","og_type":"article","og_title":"Woodfield \u2013 Fournisseur de plusieurs produits Renovaid !","og_description":"Renovaid est sp\u00e9cialis\u00e9 dans les syst\u00e8mes de r\u00e9paration et de r\u00e9novation du bois. Vous trouverez diff\u00e9rents produits de Renovaid chez Woodfield.","og_url":"https:\/\/woodfield.nl\/fr\/gamme-de-produits-woodfield\/mastics-et-menuiserie\/renovaid","og_site_name":"Woodfield - alles voor schilder en stukadoor","schema":{"@context":"https:\/\/schema.org","@graph":[{"@type":"WebPage","@id":"https:\/\/woodfield.nl\/fr\/gamme-de-produits-woodfield\/mastics-et-menuiserie\/renovaid","url":"https:\/\/woodfield.nl\/fr\/gamme-de-produits-woodfield\/mastics-et-menuiserie\/renovaid","name":"Woodfield \u2013 Fournisseur de plusieurs produits Renovaid !","isPartOf":{"@id":"https:\/\/woodfield.nl\/#website"},"datePublished":"2021-03-21T16:25:17+00:00","description":"Renovaid est sp\u00e9cialis\u00e9 dans les syst\u00e8mes de r\u00e9paration et de r\u00e9novation du bois. Vous trouverez diff\u00e9rents produits de Renovaid chez Woodfield.","breadcrumb":{"@id":"https:\/\/woodfield.nl\/fr\/gamme-de-produits-woodfield\/mastics-et-menuiserie\/renovaid#breadcrumb"},"inLanguage":"fr-FR","potentialAction":[{"@type":"ReadAction","target":["https:\/\/woodfield.nl\/fr\/gamme-de-produits-woodfield\/mastics-et-menuiserie\/renovaid"]}]},{"@type":"BreadcrumbList","@id":"https:\/\/woodfield.nl\/fr\/gamme-de-produits-woodfield\/mastics-et-menuiserie\/renovaid#breadcrumb","itemListElement":[{"@type":"ListItem","position":1,"name":"Assortiment","item":"https:\/\/woodfield.nl\/fr\/gamme-de-produits-woodfield"},{"@type":"ListItem","position":2,"name":"MASTICS ET MENUISERIE","item":"https:\/\/woodfield.nl\/fr\/gamme-de-produits-woodfield\/mastics-et-menuiserie"},{"@type":"ListItem","position":3,"name":"Kitten en Houtbewerking \u2013 Renovaid"}]},{"@type":"WebSite","@id":"https:\/\/woodfield.nl\/#website","url":"https:\/\/woodfield.nl\/","name":"Woodfield - alles voor schilder en stukadoor","description":"","potentialAction":[{"@type":"SearchAction","target":{"@type":"EntryPoint","urlTemplate":"https:\/\/woodfield.nl\/?s={search_term_string}"},"query-input":{"@type":"PropertyValueSpecification","valueRequired":true,"valueName":"search_term_string"}}],"inLanguage":"fr-FR"}]}},"_links":{"self":[{"href":"https:\/\/woodfield.nl\/fr\/wp-json\/wp\/v2\/pages\/17405","targetHints":{"allow":["GET"]}}],"collection":[{"href":"https:\/\/woodfield.nl\/fr\/wp-json\/wp\/v2\/pages"}],"about":[{"href":"https:\/\/woodfield.nl\/fr\/wp-json\/wp\/v2\/types\/page"}],"author":[{"embeddable":true,"href":"https:\/\/woodfield.nl\/fr\/wp-json\/wp\/v2\/users\/3"}],"replies":[{"embeddable":true,"href":"https:\/\/woodfield.nl\/fr\/wp-json\/wp\/v2\/comments?post=17405"}],"version-history":[{"count":0,"href":"https:\/\/woodfield.nl\/fr\/wp-json\/wp\/v2\/pages\/17405\/revisions"}],"up":[{"embeddable":true,"href":"https:\/\/woodfield.nl\/fr\/wp-json\/wp\/v2\/pages\/17379"}],"wp:attachment":[{"href":"https:\/\/woodfield.nl\/fr\/wp-json\/wp\/v2\/media?parent=17405"}],"curies":[{"name":"wp","href":"https:\/\/api.w.org\/{rel}","templated":true}]}}