{"id":17367,"date":"2021-03-21T16:12:15","date_gmt":"2021-03-21T15:12:15","guid":{"rendered":"https:\/\/woodfield.nl\/flex-tools"},"modified":"2021-03-21T16:12:15","modified_gmt":"2021-03-21T15:12:15","slug":"flex-tools","status":"publish","type":"page","link":"https:\/\/woodfield.nl\/fr\/gamme-de-produits-woodfield\/machines-et-equipements\/flex-tools","title":{"rendered":"LA GAMME FLEX-TOOLS"},"content":{"rendered":"","protected":false},"excerpt":{"rendered":"","protected":false},"author":3,"featured_media":0,"parent":17537,"menu_order":267,"comment_status":"closed","ping_status":"closed","template":"page.php","meta":{"_acf_changed":false,"footnotes":""},"class_list":["entry","page","publish","author-woodfield","post-17367","hentry"],"acf":[],"yoast_head":"<!-- This site is optimized with the Yoast SEO plugin v26.5 - https:\/\/yoast.com\/wordpress\/plugins\/seo\/ -->\n<title>Woodfield \u2013 La gamme Flex-tools<\/title>\n<meta name=\"description\" content=\"Vous \u00eates peintre ou pl\u00e2trier et recherchez des machines et des appareils performants ? Alors jetez un \u0153il sur la gamme Flex-tools chez Woodfield.\" \/>\n<meta name=\"robots\" content=\"index, follow, max-snippet:-1, max-image-preview:large, max-video-preview:-1\" \/>\n<link rel=\"canonical\" href=\"https:\/\/woodfield.nl\/fr\/machines-et-equipements\/flex-tools\" \/>\n<meta property=\"og:locale\" content=\"fr_FR\" \/>\n<meta property=\"og:type\" content=\"article\" \/>\n<meta property=\"og:title\" content=\"Woodfield \u2013 La gamme Flex-tools\" \/>\n<meta property=\"og:description\" content=\"Vous \u00eates peintre ou pl\u00e2trier et recherchez des machines et des appareils performants ? Alors jetez un \u0153il sur la gamme Flex-tools chez Woodfield.\" \/>\n<meta property=\"og:url\" content=\"https:\/\/woodfield.nl\/fr\/machines-et-equipements\/flex-tools\" \/>\n<meta property=\"og:site_name\" content=\"Woodfield - alles voor schilder en stukadoor\" \/>\n<script type=\"application\/ld+json\" class=\"yoast-schema-graph\">{\"@context\":\"https:\/\/schema.org\",\"@graph\":[{\"@type\":\"WebPage\",\"@id\":\"https:\/\/woodfield.nl\/fr\/machines-et-equipements\/flex-tools\",\"url\":\"https:\/\/woodfield.nl\/fr\/machines-et-equipements\/flex-tools\",\"name\":\"Woodfield \u2013 La gamme Flex-tools\",\"isPartOf\":{\"@id\":\"https:\/\/woodfield.nl\/#website\"},\"datePublished\":\"2021-03-21T15:12:15+00:00\",\"description\":\"Vous \u00eates peintre ou pl\u00e2trier et recherchez des machines et des appareils performants ? Alors jetez un \u0153il sur la gamme Flex-tools chez Woodfield.\",\"breadcrumb\":{\"@id\":\"https:\/\/woodfield.nl\/fr\/machines-et-equipements\/flex-tools#breadcrumb\"},\"inLanguage\":\"fr-FR\",\"potentialAction\":[{\"@type\":\"ReadAction\",\"target\":[\"https:\/\/woodfield.nl\/fr\/machines-et-equipements\/flex-tools\"]}]},{\"@type\":\"BreadcrumbList\",\"@id\":\"https:\/\/woodfield.nl\/fr\/machines-et-equipements\/flex-tools#breadcrumb\",\"itemListElement\":[{\"@type\":\"ListItem\",\"position\":1,\"name\":\"Machines et \u00e9quipements\",\"item\":\"https:\/\/woodfield.nl\/fr\/machines-et-equipements\"},{\"@type\":\"ListItem\",\"position\":2,\"name\":\"LA GAMME FLEX-TOOLS\"}]},{\"@type\":\"WebSite\",\"@id\":\"https:\/\/woodfield.nl\/#website\",\"url\":\"https:\/\/woodfield.nl\/\",\"name\":\"Woodfield - alles voor schilder en stukadoor\",\"description\":\"\",\"potentialAction\":[{\"@type\":\"SearchAction\",\"target\":{\"@type\":\"EntryPoint\",\"urlTemplate\":\"https:\/\/woodfield.nl\/?s={search_term_string}\"},\"query-input\":{\"@type\":\"PropertyValueSpecification\",\"valueRequired\":true,\"valueName\":\"search_term_string\"}}],\"inLanguage\":\"fr-FR\"}]}<\/script>\n<!-- \/ Yoast SEO plugin. -->","yoast_head_json":{"title":"Woodfield \u2013 La gamme Flex-tools","description":"Vous \u00eates peintre ou pl\u00e2trier et recherchez des machines et des appareils performants ? Alors jetez un \u0153il sur la gamme Flex-tools chez Woodfield.","robots":{"index":"index","follow":"follow","max-snippet":"max-snippet:-1","max-image-preview":"max-image-preview:large","max-video-preview":"max-video-preview:-1"},"canonical":"https:\/\/woodfield.nl\/fr\/machines-et-equipements\/flex-tools","og_locale":"fr_FR","og_type":"article","og_title":"Woodfield \u2013 La gamme Flex-tools","og_description":"Vous \u00eates peintre ou pl\u00e2trier et recherchez des machines et des appareils performants ? Alors jetez un \u0153il sur la gamme Flex-tools chez Woodfield.","og_url":"https:\/\/woodfield.nl\/fr\/machines-et-equipements\/flex-tools","og_site_name":"Woodfield - alles voor schilder en stukadoor","schema":{"@context":"https:\/\/schema.org","@graph":[{"@type":"WebPage","@id":"https:\/\/woodfield.nl\/fr\/machines-et-equipements\/flex-tools","url":"https:\/\/woodfield.nl\/fr\/machines-et-equipements\/flex-tools","name":"Woodfield \u2013 La gamme Flex-tools","isPartOf":{"@id":"https:\/\/woodfield.nl\/#website"},"datePublished":"2021-03-21T15:12:15+00:00","description":"Vous \u00eates peintre ou pl\u00e2trier et recherchez des machines et des appareils performants ? Alors jetez un \u0153il sur la gamme Flex-tools chez Woodfield.","breadcrumb":{"@id":"https:\/\/woodfield.nl\/fr\/machines-et-equipements\/flex-tools#breadcrumb"},"inLanguage":"fr-FR","potentialAction":[{"@type":"ReadAction","target":["https:\/\/woodfield.nl\/fr\/machines-et-equipements\/flex-tools"]}]},{"@type":"BreadcrumbList","@id":"https:\/\/woodfield.nl\/fr\/machines-et-equipements\/flex-tools#breadcrumb","itemListElement":[{"@type":"ListItem","position":1,"name":"Machines et \u00e9quipements","item":"https:\/\/woodfield.nl\/fr\/machines-et-equipements"},{"@type":"ListItem","position":2,"name":"LA GAMME FLEX-TOOLS"}]},{"@type":"WebSite","@id":"https:\/\/woodfield.nl\/#website","url":"https:\/\/woodfield.nl\/","name":"Woodfield - alles voor schilder en stukadoor","description":"","potentialAction":[{"@type":"SearchAction","target":{"@type":"EntryPoint","urlTemplate":"https:\/\/woodfield.nl\/?s={search_term_string}"},"query-input":{"@type":"PropertyValueSpecification","valueRequired":true,"valueName":"search_term_string"}}],"inLanguage":"fr-FR"}]}},"_links":{"self":[{"href":"https:\/\/woodfield.nl\/fr\/wp-json\/wp\/v2\/pages\/17367","targetHints":{"allow":["GET"]}}],"collection":[{"href":"https:\/\/woodfield.nl\/fr\/wp-json\/wp\/v2\/pages"}],"about":[{"href":"https:\/\/woodfield.nl\/fr\/wp-json\/wp\/v2\/types\/page"}],"author":[{"embeddable":true,"href":"https:\/\/woodfield.nl\/fr\/wp-json\/wp\/v2\/users\/3"}],"replies":[{"embeddable":true,"href":"https:\/\/woodfield.nl\/fr\/wp-json\/wp\/v2\/comments?post=17367"}],"version-history":[{"count":0,"href":"https:\/\/woodfield.nl\/fr\/wp-json\/wp\/v2\/pages\/17367\/revisions"}],"up":[{"embeddable":true,"href":"https:\/\/woodfield.nl\/fr\/wp-json\/wp\/v2\/pages\/17537"}],"wp:attachment":[{"href":"https:\/\/woodfield.nl\/fr\/wp-json\/wp\/v2\/media?parent=17367"}],"curies":[{"name":"wp","href":"https:\/\/api.w.org\/{rel}","templated":true}]}}