{"id":17361,"date":"2021-03-21T17:09:24","date_gmt":"2021-03-21T16:09:24","guid":{"rendered":"https:\/\/woodfield.nl\/sia"},"modified":"2021-03-21T17:09:24","modified_gmt":"2021-03-21T16:09:24","slug":"sia","status":"publish","type":"page","link":"https:\/\/woodfield.nl\/fr\/gamme-de-produits-woodfield\/mastics-et-menuiserie\/sia","title":{"rendered":"MASTICS ET MENUISERIE  \u2013 SIA"},"content":{"rendered":"","protected":false},"excerpt":{"rendered":"","protected":false},"author":3,"featured_media":0,"parent":17379,"menu_order":262,"comment_status":"closed","ping_status":"closed","template":"page.php","meta":{"_acf_changed":false,"footnotes":""},"class_list":["entry","page","publish","author-woodfield","post-17361","hentry"],"acf":[],"yoast_head":"<!-- This site is optimized with the Yoast SEO plugin v26.5 - https:\/\/yoast.com\/wordpress\/plugins\/seo\/ -->\n<title>Woodfield - La gamme de produits abrasifs Sia<\/title>\n<meta name=\"description\" content=\"Vous recherchez des mat\u00e9riaux abrasifs de qualit\u00e9 ? Alors jetez un coup d&#039;\u0153il \u00e0 la gamme Sia Abrasives de Woodfield.\" \/>\n<meta name=\"robots\" content=\"index, follow, max-snippet:-1, max-image-preview:large, max-video-preview:-1\" \/>\n<link rel=\"canonical\" href=\"https:\/\/woodfield.nl\/fr\/gamme-de-produits-woodfield\/mastics-et-menuiserie\/sia\" \/>\n<meta property=\"og:locale\" content=\"fr_FR\" \/>\n<meta property=\"og:type\" content=\"article\" \/>\n<meta property=\"og:title\" content=\"Woodfield - La gamme de produits abrasifs Sia\" \/>\n<meta property=\"og:description\" content=\"Vous recherchez des mat\u00e9riaux abrasifs de qualit\u00e9 ? Alors jetez un coup d&#039;\u0153il \u00e0 la gamme Sia Abrasives de Woodfield.\" \/>\n<meta property=\"og:url\" content=\"https:\/\/woodfield.nl\/fr\/gamme-de-produits-woodfield\/mastics-et-menuiserie\/sia\" \/>\n<meta property=\"og:site_name\" content=\"Woodfield - alles voor schilder en stukadoor\" \/>\n<script type=\"application\/ld+json\" class=\"yoast-schema-graph\">{\"@context\":\"https:\/\/schema.org\",\"@graph\":[{\"@type\":\"WebPage\",\"@id\":\"https:\/\/woodfield.nl\/fr\/gamme-de-produits-woodfield\/mastics-et-menuiserie\/sia\",\"url\":\"https:\/\/woodfield.nl\/fr\/gamme-de-produits-woodfield\/mastics-et-menuiserie\/sia\",\"name\":\"Woodfield - La gamme de produits abrasifs Sia\",\"isPartOf\":{\"@id\":\"https:\/\/woodfield.nl\/#website\"},\"datePublished\":\"2021-03-21T16:09:24+00:00\",\"description\":\"Vous recherchez des mat\u00e9riaux abrasifs de qualit\u00e9 ? Alors jetez un coup d'\u0153il \u00e0 la gamme Sia Abrasives de Woodfield.\",\"breadcrumb\":{\"@id\":\"https:\/\/woodfield.nl\/fr\/gamme-de-produits-woodfield\/mastics-et-menuiserie\/sia#breadcrumb\"},\"inLanguage\":\"fr-FR\",\"potentialAction\":[{\"@type\":\"ReadAction\",\"target\":[\"https:\/\/woodfield.nl\/fr\/gamme-de-produits-woodfield\/mastics-et-menuiserie\/sia\"]}]},{\"@type\":\"BreadcrumbList\",\"@id\":\"https:\/\/woodfield.nl\/fr\/gamme-de-produits-woodfield\/mastics-et-menuiserie\/sia#breadcrumb\",\"itemListElement\":[{\"@type\":\"ListItem\",\"position\":1,\"name\":\"Assortiment\",\"item\":\"https:\/\/woodfield.nl\/fr\/gamme-de-produits-woodfield\"},{\"@type\":\"ListItem\",\"position\":2,\"name\":\"MASTICS ET MENUISERIE\",\"item\":\"https:\/\/woodfield.nl\/fr\/gamme-de-produits-woodfield\/mastics-et-menuiserie\"},{\"@type\":\"ListItem\",\"position\":3,\"name\":\"MASTICS ET MENUISERIE \u2013 SIA\"}]},{\"@type\":\"WebSite\",\"@id\":\"https:\/\/woodfield.nl\/#website\",\"url\":\"https:\/\/woodfield.nl\/\",\"name\":\"Woodfield - alles voor schilder en stukadoor\",\"description\":\"\",\"potentialAction\":[{\"@type\":\"SearchAction\",\"target\":{\"@type\":\"EntryPoint\",\"urlTemplate\":\"https:\/\/woodfield.nl\/?s={search_term_string}\"},\"query-input\":{\"@type\":\"PropertyValueSpecification\",\"valueRequired\":true,\"valueName\":\"search_term_string\"}}],\"inLanguage\":\"fr-FR\"}]}<\/script>\n<!-- \/ Yoast SEO plugin. -->","yoast_head_json":{"title":"Woodfield - La gamme de produits abrasifs Sia","description":"Vous recherchez des mat\u00e9riaux abrasifs de qualit\u00e9 ? Alors jetez un coup d'\u0153il \u00e0 la gamme Sia Abrasives de Woodfield.","robots":{"index":"index","follow":"follow","max-snippet":"max-snippet:-1","max-image-preview":"max-image-preview:large","max-video-preview":"max-video-preview:-1"},"canonical":"https:\/\/woodfield.nl\/fr\/gamme-de-produits-woodfield\/mastics-et-menuiserie\/sia","og_locale":"fr_FR","og_type":"article","og_title":"Woodfield - La gamme de produits abrasifs Sia","og_description":"Vous recherchez des mat\u00e9riaux abrasifs de qualit\u00e9 ? Alors jetez un coup d'\u0153il \u00e0 la gamme Sia Abrasives de Woodfield.","og_url":"https:\/\/woodfield.nl\/fr\/gamme-de-produits-woodfield\/mastics-et-menuiserie\/sia","og_site_name":"Woodfield - alles voor schilder en stukadoor","schema":{"@context":"https:\/\/schema.org","@graph":[{"@type":"WebPage","@id":"https:\/\/woodfield.nl\/fr\/gamme-de-produits-woodfield\/mastics-et-menuiserie\/sia","url":"https:\/\/woodfield.nl\/fr\/gamme-de-produits-woodfield\/mastics-et-menuiserie\/sia","name":"Woodfield - La gamme de produits abrasifs Sia","isPartOf":{"@id":"https:\/\/woodfield.nl\/#website"},"datePublished":"2021-03-21T16:09:24+00:00","description":"Vous recherchez des mat\u00e9riaux abrasifs de qualit\u00e9 ? Alors jetez un coup d'\u0153il \u00e0 la gamme Sia Abrasives de Woodfield.","breadcrumb":{"@id":"https:\/\/woodfield.nl\/fr\/gamme-de-produits-woodfield\/mastics-et-menuiserie\/sia#breadcrumb"},"inLanguage":"fr-FR","potentialAction":[{"@type":"ReadAction","target":["https:\/\/woodfield.nl\/fr\/gamme-de-produits-woodfield\/mastics-et-menuiserie\/sia"]}]},{"@type":"BreadcrumbList","@id":"https:\/\/woodfield.nl\/fr\/gamme-de-produits-woodfield\/mastics-et-menuiserie\/sia#breadcrumb","itemListElement":[{"@type":"ListItem","position":1,"name":"Assortiment","item":"https:\/\/woodfield.nl\/fr\/gamme-de-produits-woodfield"},{"@type":"ListItem","position":2,"name":"MASTICS ET MENUISERIE","item":"https:\/\/woodfield.nl\/fr\/gamme-de-produits-woodfield\/mastics-et-menuiserie"},{"@type":"ListItem","position":3,"name":"MASTICS ET MENUISERIE \u2013 SIA"}]},{"@type":"WebSite","@id":"https:\/\/woodfield.nl\/#website","url":"https:\/\/woodfield.nl\/","name":"Woodfield - alles voor schilder en stukadoor","description":"","potentialAction":[{"@type":"SearchAction","target":{"@type":"EntryPoint","urlTemplate":"https:\/\/woodfield.nl\/?s={search_term_string}"},"query-input":{"@type":"PropertyValueSpecification","valueRequired":true,"valueName":"search_term_string"}}],"inLanguage":"fr-FR"}]}},"_links":{"self":[{"href":"https:\/\/woodfield.nl\/fr\/wp-json\/wp\/v2\/pages\/17361","targetHints":{"allow":["GET"]}}],"collection":[{"href":"https:\/\/woodfield.nl\/fr\/wp-json\/wp\/v2\/pages"}],"about":[{"href":"https:\/\/woodfield.nl\/fr\/wp-json\/wp\/v2\/types\/page"}],"author":[{"embeddable":true,"href":"https:\/\/woodfield.nl\/fr\/wp-json\/wp\/v2\/users\/3"}],"replies":[{"embeddable":true,"href":"https:\/\/woodfield.nl\/fr\/wp-json\/wp\/v2\/comments?post=17361"}],"version-history":[{"count":0,"href":"https:\/\/woodfield.nl\/fr\/wp-json\/wp\/v2\/pages\/17361\/revisions"}],"up":[{"embeddable":true,"href":"https:\/\/woodfield.nl\/fr\/wp-json\/wp\/v2\/pages\/17379"}],"wp:attachment":[{"href":"https:\/\/woodfield.nl\/fr\/wp-json\/wp\/v2\/media?parent=17361"}],"curies":[{"name":"wp","href":"https:\/\/api.w.org\/{rel}","templated":true}]}}