{"id":16341,"date":"2021-03-22T11:08:26","date_gmt":"2021-03-22T10:08:26","guid":{"rendered":"https:\/\/woodfield.nl\/cleaning-products\/woodfield-cleaning-products"},"modified":"2021-03-22T11:08:26","modified_gmt":"2021-03-22T10:08:26","slug":"woodfield-cleaning-products","status":"publish","type":"page","link":"https:\/\/woodfield.nl\/fr\/gamme-de-produits-woodfield\/produits-de-nettoyage\/woodfield-cleaning-products","title":{"rendered":"Cleaning products \u2013 Woodfield Cleaning products"},"content":{"rendered":"","protected":false},"excerpt":{"rendered":"","protected":false},"author":3,"featured_media":0,"parent":16285,"menu_order":232,"comment_status":"closed","ping_status":"closed","template":"page.php","meta":{"_acf_changed":false,"footnotes":""},"class_list":["entry","page","publish","author-woodfield","post-16341","hentry"],"acf":[],"yoast_head":"<!-- This site is optimized with the Yoast SEO plugin v26.5 - https:\/\/yoast.com\/wordpress\/plugins\/seo\/ -->\n<title>La propre gamme de produits de nettoyage Woodfield<\/title>\n<meta name=\"description\" content=\"Vous recherchez des produits d&#039;entretien de qualit\u00e9 ? Alors, jetez un coup d&#039;\u0153il \u00e0 notre gamme de produits de nettoyage Woodfield.\" \/>\n<meta name=\"robots\" content=\"index, follow, max-snippet:-1, max-image-preview:large, max-video-preview:-1\" \/>\n<link rel=\"canonical\" href=\"https:\/\/woodfield.nl\/fr\/gamme-de-produits-woodfield\/produits-de-nettoyage\/woodfield-cleaning-products\" \/>\n<meta property=\"og:locale\" content=\"fr_FR\" \/>\n<meta property=\"og:type\" content=\"article\" \/>\n<meta property=\"og:title\" content=\"La propre gamme de produits de nettoyage Woodfield\" \/>\n<meta property=\"og:description\" content=\"Vous recherchez des produits d&#039;entretien de qualit\u00e9 ? Alors, jetez un coup d&#039;\u0153il \u00e0 notre gamme de produits de nettoyage Woodfield.\" \/>\n<meta property=\"og:url\" content=\"https:\/\/woodfield.nl\/fr\/gamme-de-produits-woodfield\/produits-de-nettoyage\/woodfield-cleaning-products\" \/>\n<meta property=\"og:site_name\" content=\"Woodfield - alles voor schilder en stukadoor\" \/>\n<script type=\"application\/ld+json\" class=\"yoast-schema-graph\">{\"@context\":\"https:\/\/schema.org\",\"@graph\":[{\"@type\":\"WebPage\",\"@id\":\"https:\/\/woodfield.nl\/fr\/gamme-de-produits-woodfield\/produits-de-nettoyage\/woodfield-cleaning-products\",\"url\":\"https:\/\/woodfield.nl\/fr\/gamme-de-produits-woodfield\/produits-de-nettoyage\/woodfield-cleaning-products\",\"name\":\"La propre gamme de produits de nettoyage Woodfield\",\"isPartOf\":{\"@id\":\"https:\/\/woodfield.nl\/#website\"},\"datePublished\":\"2021-03-22T10:08:26+00:00\",\"description\":\"Vous recherchez des produits d'entretien de qualit\u00e9 ? Alors, jetez un coup d'\u0153il \u00e0 notre gamme de produits de nettoyage Woodfield.\",\"breadcrumb\":{\"@id\":\"https:\/\/woodfield.nl\/fr\/gamme-de-produits-woodfield\/produits-de-nettoyage\/woodfield-cleaning-products#breadcrumb\"},\"inLanguage\":\"fr-FR\",\"potentialAction\":[{\"@type\":\"ReadAction\",\"target\":[\"https:\/\/woodfield.nl\/fr\/gamme-de-produits-woodfield\/produits-de-nettoyage\/woodfield-cleaning-products\"]}]},{\"@type\":\"BreadcrumbList\",\"@id\":\"https:\/\/woodfield.nl\/fr\/gamme-de-produits-woodfield\/produits-de-nettoyage\/woodfield-cleaning-products#breadcrumb\",\"itemListElement\":[{\"@type\":\"ListItem\",\"position\":1,\"name\":\"Assortiment\",\"item\":\"https:\/\/woodfield.nl\/fr\/gamme-de-produits-woodfield\"},{\"@type\":\"ListItem\",\"position\":2,\"name\":\"Cleaning products\",\"item\":\"https:\/\/woodfield.nl\/fr\/gamme-de-produits-woodfield\/produits-de-nettoyage\"},{\"@type\":\"ListItem\",\"position\":3,\"name\":\"Cleaning products \u2013 Woodfield Cleaning products\"}]},{\"@type\":\"WebSite\",\"@id\":\"https:\/\/woodfield.nl\/#website\",\"url\":\"https:\/\/woodfield.nl\/\",\"name\":\"Woodfield - alles voor schilder en stukadoor\",\"description\":\"\",\"potentialAction\":[{\"@type\":\"SearchAction\",\"target\":{\"@type\":\"EntryPoint\",\"urlTemplate\":\"https:\/\/woodfield.nl\/?s={search_term_string}\"},\"query-input\":{\"@type\":\"PropertyValueSpecification\",\"valueRequired\":true,\"valueName\":\"search_term_string\"}}],\"inLanguage\":\"fr-FR\"}]}<\/script>\n<!-- \/ Yoast SEO plugin. -->","yoast_head_json":{"title":"La propre gamme de produits de nettoyage Woodfield","description":"Vous recherchez des produits d'entretien de qualit\u00e9 ? Alors, jetez un coup d'\u0153il \u00e0 notre gamme de produits de nettoyage Woodfield.","robots":{"index":"index","follow":"follow","max-snippet":"max-snippet:-1","max-image-preview":"max-image-preview:large","max-video-preview":"max-video-preview:-1"},"canonical":"https:\/\/woodfield.nl\/fr\/gamme-de-produits-woodfield\/produits-de-nettoyage\/woodfield-cleaning-products","og_locale":"fr_FR","og_type":"article","og_title":"La propre gamme de produits de nettoyage Woodfield","og_description":"Vous recherchez des produits d'entretien de qualit\u00e9 ? Alors, jetez un coup d'\u0153il \u00e0 notre gamme de produits de nettoyage Woodfield.","og_url":"https:\/\/woodfield.nl\/fr\/gamme-de-produits-woodfield\/produits-de-nettoyage\/woodfield-cleaning-products","og_site_name":"Woodfield - alles voor schilder en stukadoor","schema":{"@context":"https:\/\/schema.org","@graph":[{"@type":"WebPage","@id":"https:\/\/woodfield.nl\/fr\/gamme-de-produits-woodfield\/produits-de-nettoyage\/woodfield-cleaning-products","url":"https:\/\/woodfield.nl\/fr\/gamme-de-produits-woodfield\/produits-de-nettoyage\/woodfield-cleaning-products","name":"La propre gamme de produits de nettoyage Woodfield","isPartOf":{"@id":"https:\/\/woodfield.nl\/#website"},"datePublished":"2021-03-22T10:08:26+00:00","description":"Vous recherchez des produits d'entretien de qualit\u00e9 ? Alors, jetez un coup d'\u0153il \u00e0 notre gamme de produits de nettoyage Woodfield.","breadcrumb":{"@id":"https:\/\/woodfield.nl\/fr\/gamme-de-produits-woodfield\/produits-de-nettoyage\/woodfield-cleaning-products#breadcrumb"},"inLanguage":"fr-FR","potentialAction":[{"@type":"ReadAction","target":["https:\/\/woodfield.nl\/fr\/gamme-de-produits-woodfield\/produits-de-nettoyage\/woodfield-cleaning-products"]}]},{"@type":"BreadcrumbList","@id":"https:\/\/woodfield.nl\/fr\/gamme-de-produits-woodfield\/produits-de-nettoyage\/woodfield-cleaning-products#breadcrumb","itemListElement":[{"@type":"ListItem","position":1,"name":"Assortiment","item":"https:\/\/woodfield.nl\/fr\/gamme-de-produits-woodfield"},{"@type":"ListItem","position":2,"name":"Cleaning products","item":"https:\/\/woodfield.nl\/fr\/gamme-de-produits-woodfield\/produits-de-nettoyage"},{"@type":"ListItem","position":3,"name":"Cleaning products \u2013 Woodfield Cleaning products"}]},{"@type":"WebSite","@id":"https:\/\/woodfield.nl\/#website","url":"https:\/\/woodfield.nl\/","name":"Woodfield - alles voor schilder en stukadoor","description":"","potentialAction":[{"@type":"SearchAction","target":{"@type":"EntryPoint","urlTemplate":"https:\/\/woodfield.nl\/?s={search_term_string}"},"query-input":{"@type":"PropertyValueSpecification","valueRequired":true,"valueName":"search_term_string"}}],"inLanguage":"fr-FR"}]}},"_links":{"self":[{"href":"https:\/\/woodfield.nl\/fr\/wp-json\/wp\/v2\/pages\/16341","targetHints":{"allow":["GET"]}}],"collection":[{"href":"https:\/\/woodfield.nl\/fr\/wp-json\/wp\/v2\/pages"}],"about":[{"href":"https:\/\/woodfield.nl\/fr\/wp-json\/wp\/v2\/types\/page"}],"author":[{"embeddable":true,"href":"https:\/\/woodfield.nl\/fr\/wp-json\/wp\/v2\/users\/3"}],"replies":[{"embeddable":true,"href":"https:\/\/woodfield.nl\/fr\/wp-json\/wp\/v2\/comments?post=16341"}],"version-history":[{"count":0,"href":"https:\/\/woodfield.nl\/fr\/wp-json\/wp\/v2\/pages\/16341\/revisions"}],"up":[{"embeddable":true,"href":"https:\/\/woodfield.nl\/fr\/wp-json\/wp\/v2\/pages\/16285"}],"wp:attachment":[{"href":"https:\/\/woodfield.nl\/fr\/wp-json\/wp\/v2\/media?parent=16341"}],"curies":[{"name":"wp","href":"https:\/\/api.w.org\/{rel}","templated":true}]}}