{"id":27645,"date":"2025-09-09T09:40:13","date_gmt":"2025-09-09T07:40:13","guid":{"rendered":"https:\/\/woodfield.nl\/sortiment-woodfield\/verputzmaterial\/scanspac-stucprofielen"},"modified":"2025-10-15T15:41:33","modified_gmt":"2025-10-15T13:41:33","slug":"scanspac-putzprofile","status":"publish","type":"page","link":"https:\/\/woodfield.nl\/de\/sortiment-woodfield\/verputzmaterial\/scanspac-putzprofile","title":{"rendered":"Scanspac Putzprofile bei Woodfield"},"content":{"rendered":"","protected":false},"excerpt":{"rendered":"","protected":false},"author":1,"featured_media":0,"parent":17492,"menu_order":0,"comment_status":"closed","ping_status":"closed","template":"","meta":{"_acf_changed":false,"footnotes":""},"class_list":["entry","page","publish","author-dennis","post-27645","hentry"],"acf":[],"yoast_head":"<!-- This site is optimized with the Yoast SEO plugin v26.5 - https:\/\/yoast.com\/wordpress\/plugins\/seo\/ -->\n<title>Scanspac Putzprofile bei Woodfield | F\u00fcr Profis<\/title>\n<meta name=\"description\" content=\"Entdecken Sie Scanspac Putzprofile bei Woodfield. Aquabead, Speedcorner, Fibafuse und Levelline f\u00fcr Ausbauprofis. Fachberatung und gro\u00dfe Lagerbest\u00e4nde.\" \/>\n<meta name=\"robots\" content=\"index, follow, max-snippet:-1, max-image-preview:large, max-video-preview:-1\" \/>\n<link rel=\"canonical\" href=\"https:\/\/woodfield.nl\/de\/sortiment-woodfield\/verputzmaterial\/scanspac-putzprofile\" \/>\n<meta property=\"og:locale\" content=\"de_DE\" \/>\n<meta property=\"og:type\" content=\"article\" \/>\n<meta property=\"og:title\" content=\"Scanspac Putzprofile bei Woodfield | F\u00fcr Profis\" \/>\n<meta property=\"og:description\" content=\"Entdecken Sie Scanspac Putzprofile bei Woodfield. Aquabead, Speedcorner, Fibafuse und Levelline f\u00fcr Ausbauprofis. Fachberatung und gro\u00dfe Lagerbest\u00e4nde.\" \/>\n<meta property=\"og:url\" content=\"https:\/\/woodfield.nl\/de\/sortiment-woodfield\/verputzmaterial\/scanspac-putzprofile\" \/>\n<meta property=\"og:site_name\" content=\"Woodfield - alles voor schilder en stukadoor\" \/>\n<meta property=\"article:modified_time\" content=\"2025-10-15T13:41:33+00:00\" \/>\n<meta name=\"twitter:label1\" content=\"Gesch\u00e4tzte Lesezeit\" \/>\n\t<meta name=\"twitter:data1\" content=\"3\u00a0Minuten\" \/>\n<script type=\"application\/ld+json\" class=\"yoast-schema-graph\">{\"@context\":\"https:\/\/schema.org\",\"@graph\":[{\"@type\":\"WebPage\",\"@id\":\"https:\/\/woodfield.nl\/de\/sortiment-woodfield\/verputzmaterial\/scanspac-putzprofile\",\"url\":\"https:\/\/woodfield.nl\/de\/sortiment-woodfield\/verputzmaterial\/scanspac-putzprofile\",\"name\":\"Scanspac Putzprofile bei Woodfield | F\u00fcr Profis\",\"isPartOf\":{\"@id\":\"https:\/\/woodfield.nl\/#website\"},\"datePublished\":\"2025-09-09T07:40:13+00:00\",\"dateModified\":\"2025-10-15T13:41:33+00:00\",\"description\":\"Entdecken Sie Scanspac Putzprofile bei Woodfield. Aquabead, Speedcorner, Fibafuse und Levelline f\u00fcr Ausbauprofis. Fachberatung und gro\u00dfe Lagerbest\u00e4nde.\",\"breadcrumb\":{\"@id\":\"https:\/\/woodfield.nl\/de\/sortiment-woodfield\/verputzmaterial\/scanspac-putzprofile#breadcrumb\"},\"inLanguage\":\"de\",\"potentialAction\":[{\"@type\":\"ReadAction\",\"target\":[\"https:\/\/woodfield.nl\/de\/sortiment-woodfield\/verputzmaterial\/scanspac-putzprofile\"]}]},{\"@type\":\"BreadcrumbList\",\"@id\":\"https:\/\/woodfield.nl\/de\/sortiment-woodfield\/verputzmaterial\/scanspac-putzprofile#breadcrumb\",\"itemListElement\":[{\"@type\":\"ListItem\",\"position\":1,\"name\":\"Woodfield-Sortiment\",\"item\":\"https:\/\/woodfield.nl\/de\/sortiment-woodfield\"},{\"@type\":\"ListItem\",\"position\":2,\"name\":\"Verputzmaterial\",\"item\":\"https:\/\/woodfield.nl\/de\/sortiment-woodfield\/verputzmaterial\"},{\"@type\":\"ListItem\",\"position\":3,\"name\":\"Scanspac Putzprofile bei Woodfield\"}]},{\"@type\":\"WebSite\",\"@id\":\"https:\/\/woodfield.nl\/#website\",\"url\":\"https:\/\/woodfield.nl\/\",\"name\":\"Woodfield - alles voor schilder en stukadoor\",\"description\":\"\",\"potentialAction\":[{\"@type\":\"SearchAction\",\"target\":{\"@type\":\"EntryPoint\",\"urlTemplate\":\"https:\/\/woodfield.nl\/?s={search_term_string}\"},\"query-input\":{\"@type\":\"PropertyValueSpecification\",\"valueRequired\":true,\"valueName\":\"search_term_string\"}}],\"inLanguage\":\"de\"}]}<\/script>\n<!-- \/ Yoast SEO plugin. -->","yoast_head_json":{"title":"Scanspac Putzprofile bei Woodfield | F\u00fcr Profis","description":"Entdecken Sie Scanspac Putzprofile bei Woodfield. Aquabead, Speedcorner, Fibafuse und Levelline f\u00fcr Ausbauprofis. Fachberatung und gro\u00dfe Lagerbest\u00e4nde.","robots":{"index":"index","follow":"follow","max-snippet":"max-snippet:-1","max-image-preview":"max-image-preview:large","max-video-preview":"max-video-preview:-1"},"canonical":"https:\/\/woodfield.nl\/de\/sortiment-woodfield\/verputzmaterial\/scanspac-putzprofile","og_locale":"de_DE","og_type":"article","og_title":"Scanspac Putzprofile bei Woodfield | F\u00fcr Profis","og_description":"Entdecken Sie Scanspac Putzprofile bei Woodfield. Aquabead, Speedcorner, Fibafuse und Levelline f\u00fcr Ausbauprofis. Fachberatung und gro\u00dfe Lagerbest\u00e4nde.","og_url":"https:\/\/woodfield.nl\/de\/sortiment-woodfield\/verputzmaterial\/scanspac-putzprofile","og_site_name":"Woodfield - alles voor schilder en stukadoor","article_modified_time":"2025-10-15T13:41:33+00:00","twitter_misc":{"Gesch\u00e4tzte Lesezeit":"3\u00a0Minuten"},"schema":{"@context":"https:\/\/schema.org","@graph":[{"@type":"WebPage","@id":"https:\/\/woodfield.nl\/de\/sortiment-woodfield\/verputzmaterial\/scanspac-putzprofile","url":"https:\/\/woodfield.nl\/de\/sortiment-woodfield\/verputzmaterial\/scanspac-putzprofile","name":"Scanspac Putzprofile bei Woodfield | F\u00fcr Profis","isPartOf":{"@id":"https:\/\/woodfield.nl\/#website"},"datePublished":"2025-09-09T07:40:13+00:00","dateModified":"2025-10-15T13:41:33+00:00","description":"Entdecken Sie Scanspac Putzprofile bei Woodfield. Aquabead, Speedcorner, Fibafuse und Levelline f\u00fcr Ausbauprofis. Fachberatung und gro\u00dfe Lagerbest\u00e4nde.","breadcrumb":{"@id":"https:\/\/woodfield.nl\/de\/sortiment-woodfield\/verputzmaterial\/scanspac-putzprofile#breadcrumb"},"inLanguage":"de","potentialAction":[{"@type":"ReadAction","target":["https:\/\/woodfield.nl\/de\/sortiment-woodfield\/verputzmaterial\/scanspac-putzprofile"]}]},{"@type":"BreadcrumbList","@id":"https:\/\/woodfield.nl\/de\/sortiment-woodfield\/verputzmaterial\/scanspac-putzprofile#breadcrumb","itemListElement":[{"@type":"ListItem","position":1,"name":"Woodfield-Sortiment","item":"https:\/\/woodfield.nl\/de\/sortiment-woodfield"},{"@type":"ListItem","position":2,"name":"Verputzmaterial","item":"https:\/\/woodfield.nl\/de\/sortiment-woodfield\/verputzmaterial"},{"@type":"ListItem","position":3,"name":"Scanspac Putzprofile bei Woodfield"}]},{"@type":"WebSite","@id":"https:\/\/woodfield.nl\/#website","url":"https:\/\/woodfield.nl\/","name":"Woodfield - alles voor schilder en stukadoor","description":"","potentialAction":[{"@type":"SearchAction","target":{"@type":"EntryPoint","urlTemplate":"https:\/\/woodfield.nl\/?s={search_term_string}"},"query-input":{"@type":"PropertyValueSpecification","valueRequired":true,"valueName":"search_term_string"}}],"inLanguage":"de"}]}},"_links":{"self":[{"href":"https:\/\/woodfield.nl\/de\/wp-json\/wp\/v2\/pages\/27645","targetHints":{"allow":["GET"]}}],"collection":[{"href":"https:\/\/woodfield.nl\/de\/wp-json\/wp\/v2\/pages"}],"about":[{"href":"https:\/\/woodfield.nl\/de\/wp-json\/wp\/v2\/types\/page"}],"author":[{"embeddable":true,"href":"https:\/\/woodfield.nl\/de\/wp-json\/wp\/v2\/users\/1"}],"replies":[{"embeddable":true,"href":"https:\/\/woodfield.nl\/de\/wp-json\/wp\/v2\/comments?post=27645"}],"version-history":[{"count":0,"href":"https:\/\/woodfield.nl\/de\/wp-json\/wp\/v2\/pages\/27645\/revisions"}],"up":[{"embeddable":true,"href":"https:\/\/woodfield.nl\/de\/wp-json\/wp\/v2\/pages\/17492"}],"wp:attachment":[{"href":"https:\/\/woodfield.nl\/de\/wp-json\/wp\/v2\/media?parent=27645"}],"curies":[{"name":"wp","href":"https:\/\/api.w.org\/{rel}","templated":true}]}}