{"id":27639,"date":"2025-09-09T09:30:49","date_gmt":"2025-09-09T07:30:49","guid":{"rendered":"https:\/\/woodfield.nl\/sortiment-woodfield\/verputzmaterial\/eurocol-walldesign"},"modified":"2025-10-15T14:01:14","modified_gmt":"2025-10-15T12:01:14","slug":"eurocol-walldesign","status":"publish","type":"page","link":"https:\/\/woodfield.nl\/de\/sortiment-woodfield\/verputzmaterial\/eurocol-walldesign","title":{"rendered":"Eurocol Walldesign bei Woodfield"},"content":{"rendered":"","protected":false},"excerpt":{"rendered":"","protected":false},"author":1,"featured_media":0,"parent":17492,"menu_order":0,"comment_status":"closed","ping_status":"closed","template":"","meta":{"_acf_changed":false,"footnotes":""},"class_list":["entry","page","publish","author-dennis","post-27639","hentry"],"acf":[],"yoast_head":"<!-- This site is optimized with the Yoast SEO plugin v26.5 - https:\/\/yoast.com\/wordpress\/plugins\/seo\/ -->\n<title>Eurocol Walldesign bei Woodfield | Betonoptik-W\u00e4nde<\/title>\n<meta name=\"description\" content=\"Entdecken Sie Eurocol Walldesign bei Woodfield. Gebrauchsfertige Spachtelmasse f\u00fcr Betonoptik-W\u00e4nde in vier Farben. Exklusiv bei Woodfield erh\u00e4ltlich.\" \/>\n<meta name=\"robots\" content=\"index, follow, max-snippet:-1, max-image-preview:large, max-video-preview:-1\" \/>\n<link rel=\"canonical\" href=\"https:\/\/woodfield.nl\/de\/sortiment-woodfield\/verputzmaterial\/eurocol-walldesign\" \/>\n<meta property=\"og:locale\" content=\"de_DE\" \/>\n<meta property=\"og:type\" content=\"article\" \/>\n<meta property=\"og:title\" content=\"Eurocol Walldesign bei Woodfield | Betonoptik-W\u00e4nde\" \/>\n<meta property=\"og:description\" content=\"Entdecken Sie Eurocol Walldesign bei Woodfield. Gebrauchsfertige Spachtelmasse f\u00fcr Betonoptik-W\u00e4nde in vier Farben. Exklusiv bei Woodfield erh\u00e4ltlich.\" \/>\n<meta property=\"og:url\" content=\"https:\/\/woodfield.nl\/de\/sortiment-woodfield\/verputzmaterial\/eurocol-walldesign\" \/>\n<meta property=\"og:site_name\" content=\"Woodfield - alles voor schilder en stukadoor\" \/>\n<meta property=\"article:modified_time\" content=\"2025-10-15T12:01:14+00:00\" \/>\n<meta name=\"twitter:label1\" content=\"Gesch\u00e4tzte Lesezeit\" \/>\n\t<meta name=\"twitter:data1\" content=\"2\u00a0Minuten\" \/>\n<script type=\"application\/ld+json\" class=\"yoast-schema-graph\">{\"@context\":\"https:\/\/schema.org\",\"@graph\":[{\"@type\":\"WebPage\",\"@id\":\"https:\/\/woodfield.nl\/de\/sortiment-woodfield\/verputzmaterial\/eurocol-walldesign\",\"url\":\"https:\/\/woodfield.nl\/de\/sortiment-woodfield\/verputzmaterial\/eurocol-walldesign\",\"name\":\"Eurocol Walldesign bei Woodfield | Betonoptik-W\u00e4nde\",\"isPartOf\":{\"@id\":\"https:\/\/woodfield.nl\/#website\"},\"datePublished\":\"2025-09-09T07:30:49+00:00\",\"dateModified\":\"2025-10-15T12:01:14+00:00\",\"description\":\"Entdecken Sie Eurocol Walldesign bei Woodfield. Gebrauchsfertige Spachtelmasse f\u00fcr Betonoptik-W\u00e4nde in vier Farben. Exklusiv bei Woodfield erh\u00e4ltlich.\",\"breadcrumb\":{\"@id\":\"https:\/\/woodfield.nl\/de\/sortiment-woodfield\/verputzmaterial\/eurocol-walldesign#breadcrumb\"},\"inLanguage\":\"de\",\"potentialAction\":[{\"@type\":\"ReadAction\",\"target\":[\"https:\/\/woodfield.nl\/de\/sortiment-woodfield\/verputzmaterial\/eurocol-walldesign\"]}]},{\"@type\":\"BreadcrumbList\",\"@id\":\"https:\/\/woodfield.nl\/de\/sortiment-woodfield\/verputzmaterial\/eurocol-walldesign#breadcrumb\",\"itemListElement\":[{\"@type\":\"ListItem\",\"position\":1,\"name\":\"Woodfield-Sortiment\",\"item\":\"https:\/\/woodfield.nl\/de\/sortiment-woodfield\"},{\"@type\":\"ListItem\",\"position\":2,\"name\":\"Verputzmaterial\",\"item\":\"https:\/\/woodfield.nl\/de\/sortiment-woodfield\/verputzmaterial\"},{\"@type\":\"ListItem\",\"position\":3,\"name\":\"Eurocol Walldesign bei Woodfield\"}]},{\"@type\":\"WebSite\",\"@id\":\"https:\/\/woodfield.nl\/#website\",\"url\":\"https:\/\/woodfield.nl\/\",\"name\":\"Woodfield - alles voor schilder en stukadoor\",\"description\":\"\",\"potentialAction\":[{\"@type\":\"SearchAction\",\"target\":{\"@type\":\"EntryPoint\",\"urlTemplate\":\"https:\/\/woodfield.nl\/?s={search_term_string}\"},\"query-input\":{\"@type\":\"PropertyValueSpecification\",\"valueRequired\":true,\"valueName\":\"search_term_string\"}}],\"inLanguage\":\"de\"}]}<\/script>\n<!-- \/ Yoast SEO plugin. -->","yoast_head_json":{"title":"Eurocol Walldesign bei Woodfield | Betonoptik-W\u00e4nde","description":"Entdecken Sie Eurocol Walldesign bei Woodfield. Gebrauchsfertige Spachtelmasse f\u00fcr Betonoptik-W\u00e4nde in vier Farben. Exklusiv bei Woodfield erh\u00e4ltlich.","robots":{"index":"index","follow":"follow","max-snippet":"max-snippet:-1","max-image-preview":"max-image-preview:large","max-video-preview":"max-video-preview:-1"},"canonical":"https:\/\/woodfield.nl\/de\/sortiment-woodfield\/verputzmaterial\/eurocol-walldesign","og_locale":"de_DE","og_type":"article","og_title":"Eurocol Walldesign bei Woodfield | Betonoptik-W\u00e4nde","og_description":"Entdecken Sie Eurocol Walldesign bei Woodfield. Gebrauchsfertige Spachtelmasse f\u00fcr Betonoptik-W\u00e4nde in vier Farben. Exklusiv bei Woodfield erh\u00e4ltlich.","og_url":"https:\/\/woodfield.nl\/de\/sortiment-woodfield\/verputzmaterial\/eurocol-walldesign","og_site_name":"Woodfield - alles voor schilder en stukadoor","article_modified_time":"2025-10-15T12:01:14+00:00","twitter_misc":{"Gesch\u00e4tzte Lesezeit":"2\u00a0Minuten"},"schema":{"@context":"https:\/\/schema.org","@graph":[{"@type":"WebPage","@id":"https:\/\/woodfield.nl\/de\/sortiment-woodfield\/verputzmaterial\/eurocol-walldesign","url":"https:\/\/woodfield.nl\/de\/sortiment-woodfield\/verputzmaterial\/eurocol-walldesign","name":"Eurocol Walldesign bei Woodfield | Betonoptik-W\u00e4nde","isPartOf":{"@id":"https:\/\/woodfield.nl\/#website"},"datePublished":"2025-09-09T07:30:49+00:00","dateModified":"2025-10-15T12:01:14+00:00","description":"Entdecken Sie Eurocol Walldesign bei Woodfield. Gebrauchsfertige Spachtelmasse f\u00fcr Betonoptik-W\u00e4nde in vier Farben. Exklusiv bei Woodfield erh\u00e4ltlich.","breadcrumb":{"@id":"https:\/\/woodfield.nl\/de\/sortiment-woodfield\/verputzmaterial\/eurocol-walldesign#breadcrumb"},"inLanguage":"de","potentialAction":[{"@type":"ReadAction","target":["https:\/\/woodfield.nl\/de\/sortiment-woodfield\/verputzmaterial\/eurocol-walldesign"]}]},{"@type":"BreadcrumbList","@id":"https:\/\/woodfield.nl\/de\/sortiment-woodfield\/verputzmaterial\/eurocol-walldesign#breadcrumb","itemListElement":[{"@type":"ListItem","position":1,"name":"Woodfield-Sortiment","item":"https:\/\/woodfield.nl\/de\/sortiment-woodfield"},{"@type":"ListItem","position":2,"name":"Verputzmaterial","item":"https:\/\/woodfield.nl\/de\/sortiment-woodfield\/verputzmaterial"},{"@type":"ListItem","position":3,"name":"Eurocol Walldesign bei Woodfield"}]},{"@type":"WebSite","@id":"https:\/\/woodfield.nl\/#website","url":"https:\/\/woodfield.nl\/","name":"Woodfield - alles voor schilder en stukadoor","description":"","potentialAction":[{"@type":"SearchAction","target":{"@type":"EntryPoint","urlTemplate":"https:\/\/woodfield.nl\/?s={search_term_string}"},"query-input":{"@type":"PropertyValueSpecification","valueRequired":true,"valueName":"search_term_string"}}],"inLanguage":"de"}]}},"_links":{"self":[{"href":"https:\/\/woodfield.nl\/de\/wp-json\/wp\/v2\/pages\/27639","targetHints":{"allow":["GET"]}}],"collection":[{"href":"https:\/\/woodfield.nl\/de\/wp-json\/wp\/v2\/pages"}],"about":[{"href":"https:\/\/woodfield.nl\/de\/wp-json\/wp\/v2\/types\/page"}],"author":[{"embeddable":true,"href":"https:\/\/woodfield.nl\/de\/wp-json\/wp\/v2\/users\/1"}],"replies":[{"embeddable":true,"href":"https:\/\/woodfield.nl\/de\/wp-json\/wp\/v2\/comments?post=27639"}],"version-history":[{"count":0,"href":"https:\/\/woodfield.nl\/de\/wp-json\/wp\/v2\/pages\/27639\/revisions"}],"up":[{"embeddable":true,"href":"https:\/\/woodfield.nl\/de\/wp-json\/wp\/v2\/pages\/17492"}],"wp:attachment":[{"href":"https:\/\/woodfield.nl\/de\/wp-json\/wp\/v2\/media?parent=27639"}],"curies":[{"name":"wp","href":"https:\/\/api.w.org\/{rel}","templated":true}]}}