{"id":25524,"date":"2025-07-22T13:25:49","date_gmt":"2025-07-22T11:25:49","guid":{"rendered":"https:\/\/woodfield.nl\/?page_id=25524"},"modified":"2025-07-22T13:25:49","modified_gmt":"2025-07-22T11:25:49","slug":"woodfield-breda","status":"publish","type":"page","link":"https:\/\/woodfield.nl\/de\/verkaufsstellen\/woodfield-breda","title":{"rendered":"Woodfield Breda"},"content":{"rendered":"","protected":false},"excerpt":{"rendered":"","protected":false},"author":4,"featured_media":0,"parent":16329,"menu_order":31,"comment_status":"closed","ping_status":"closed","template":"page-vestiging.php","meta":{"_acf_changed":false,"footnotes":""},"class_list":["entry","page","publish","author-roel","post-25524","hentry"],"acf":[],"yoast_head":"<!-- This site is optimized with the Yoast SEO plugin v26.5 - https:\/\/yoast.com\/wordpress\/plugins\/seo\/ -->\n<title>Woodfield Breda \u2013 komplettes Sortiment f\u00fcr Maler und Verputzer<\/title>\n<meta name=\"description\" content=\"Sind Sie auf der Suche nach einem Gro\u00dfhandel f\u00fcr Maler und Verputzer? Dann sind Sie bei Woodfield Breda an der richtigen Adresse.\" \/>\n<meta name=\"robots\" content=\"index, follow, max-snippet:-1, max-image-preview:large, max-video-preview:-1\" \/>\n<link rel=\"canonical\" href=\"https:\/\/woodfield.nl\/de\/woodfield-breda\" \/>\n<meta property=\"og:locale\" content=\"de_DE\" \/>\n<meta property=\"og:type\" content=\"article\" \/>\n<meta property=\"og:title\" content=\"Woodfield Breda \u2013 komplettes Sortiment f\u00fcr Maler und Verputzer\" \/>\n<meta property=\"og:description\" content=\"Sind Sie auf der Suche nach einem Gro\u00dfhandel f\u00fcr Maler und Verputzer? Dann sind Sie bei Woodfield Breda an der richtigen Adresse.\" \/>\n<meta property=\"og:url\" content=\"https:\/\/woodfield.nl\/de\/woodfield-breda\" \/>\n<meta property=\"og:site_name\" content=\"Woodfield - alles voor schilder en stukadoor\" \/>\n<meta name=\"twitter:label1\" content=\"Gesch\u00e4tzte Lesezeit\" \/>\n\t<meta name=\"twitter:data1\" content=\"3\u00a0Minuten\" \/>\n<script type=\"application\/ld+json\" class=\"yoast-schema-graph\">{\"@context\":\"https:\/\/schema.org\",\"@graph\":[{\"@type\":\"WebPage\",\"@id\":\"https:\/\/woodfield.nl\/de\/woodfield-breda\",\"url\":\"https:\/\/woodfield.nl\/de\/woodfield-breda\",\"name\":\"Woodfield Breda \u2013 komplettes Sortiment f\u00fcr Maler und Verputzer\",\"isPartOf\":{\"@id\":\"https:\/\/woodfield.nl\/#website\"},\"datePublished\":\"2025-07-22T11:25:49+00:00\",\"description\":\"Sind Sie auf der Suche nach einem Gro\u00dfhandel f\u00fcr Maler und Verputzer? Dann sind Sie bei Woodfield Breda an der richtigen Adresse.\",\"inLanguage\":\"de\",\"potentialAction\":[{\"@type\":\"ReadAction\",\"target\":[\"https:\/\/woodfield.nl\/de\/woodfield-breda\"]}]},{\"@type\":\"WebSite\",\"@id\":\"https:\/\/woodfield.nl\/#website\",\"url\":\"https:\/\/woodfield.nl\/\",\"name\":\"Woodfield - alles voor schilder en stukadoor\",\"description\":\"\",\"potentialAction\":[{\"@type\":\"SearchAction\",\"target\":{\"@type\":\"EntryPoint\",\"urlTemplate\":\"https:\/\/woodfield.nl\/?s={search_term_string}\"},\"query-input\":{\"@type\":\"PropertyValueSpecification\",\"valueRequired\":true,\"valueName\":\"search_term_string\"}}],\"inLanguage\":\"de\"}]}<\/script>\n<!-- \/ Yoast SEO plugin. -->","yoast_head_json":{"title":"Woodfield Breda \u2013 komplettes Sortiment f\u00fcr Maler und Verputzer","description":"Sind Sie auf der Suche nach einem Gro\u00dfhandel f\u00fcr Maler und Verputzer? Dann sind Sie bei Woodfield Breda an der richtigen Adresse.","robots":{"index":"index","follow":"follow","max-snippet":"max-snippet:-1","max-image-preview":"max-image-preview:large","max-video-preview":"max-video-preview:-1"},"canonical":"https:\/\/woodfield.nl\/de\/woodfield-breda","og_locale":"de_DE","og_type":"article","og_title":"Woodfield Breda \u2013 komplettes Sortiment f\u00fcr Maler und Verputzer","og_description":"Sind Sie auf der Suche nach einem Gro\u00dfhandel f\u00fcr Maler und Verputzer? Dann sind Sie bei Woodfield Breda an der richtigen Adresse.","og_url":"https:\/\/woodfield.nl\/de\/woodfield-breda","og_site_name":"Woodfield - alles voor schilder en stukadoor","twitter_misc":{"Gesch\u00e4tzte Lesezeit":"3\u00a0Minuten"},"schema":{"@context":"https:\/\/schema.org","@graph":[{"@type":"WebPage","@id":"https:\/\/woodfield.nl\/de\/woodfield-breda","url":"https:\/\/woodfield.nl\/de\/woodfield-breda","name":"Woodfield Breda \u2013 komplettes Sortiment f\u00fcr Maler und Verputzer","isPartOf":{"@id":"https:\/\/woodfield.nl\/#website"},"datePublished":"2025-07-22T11:25:49+00:00","description":"Sind Sie auf der Suche nach einem Gro\u00dfhandel f\u00fcr Maler und Verputzer? Dann sind Sie bei Woodfield Breda an der richtigen Adresse.","inLanguage":"de","potentialAction":[{"@type":"ReadAction","target":["https:\/\/woodfield.nl\/de\/woodfield-breda"]}]},{"@type":"WebSite","@id":"https:\/\/woodfield.nl\/#website","url":"https:\/\/woodfield.nl\/","name":"Woodfield - alles voor schilder en stukadoor","description":"","potentialAction":[{"@type":"SearchAction","target":{"@type":"EntryPoint","urlTemplate":"https:\/\/woodfield.nl\/?s={search_term_string}"},"query-input":{"@type":"PropertyValueSpecification","valueRequired":true,"valueName":"search_term_string"}}],"inLanguage":"de"}]}},"_links":{"self":[{"href":"https:\/\/woodfield.nl\/de\/wp-json\/wp\/v2\/pages\/25524","targetHints":{"allow":["GET"]}}],"collection":[{"href":"https:\/\/woodfield.nl\/de\/wp-json\/wp\/v2\/pages"}],"about":[{"href":"https:\/\/woodfield.nl\/de\/wp-json\/wp\/v2\/types\/page"}],"author":[{"embeddable":true,"href":"https:\/\/woodfield.nl\/de\/wp-json\/wp\/v2\/users\/4"}],"replies":[{"embeddable":true,"href":"https:\/\/woodfield.nl\/de\/wp-json\/wp\/v2\/comments?post=25524"}],"version-history":[{"count":0,"href":"https:\/\/woodfield.nl\/de\/wp-json\/wp\/v2\/pages\/25524\/revisions"}],"up":[{"embeddable":true,"href":"https:\/\/woodfield.nl\/de\/wp-json\/wp\/v2\/pages\/16329"}],"wp:attachment":[{"href":"https:\/\/woodfield.nl\/de\/wp-json\/wp\/v2\/media?parent=25524"}],"curies":[{"name":"wp","href":"https:\/\/api.w.org\/{rel}","templated":true}]}}