{"id":21528,"date":"2022-04-13T12:50:36","date_gmt":"2022-04-13T10:50:36","guid":{"rendered":"https:\/\/woodfield.nl\/sortiment-woodfield\/farbe\/rewah"},"modified":"2022-04-13T12:50:36","modified_gmt":"2022-04-13T10:50:36","slug":"rewah","status":"publish","type":"page","link":"https:\/\/woodfield.nl\/de\/sortiment-woodfield\/farbe\/rewah","title":{"rendered":"Rewah"},"content":{"rendered":"","protected":false},"excerpt":{"rendered":"","protected":false},"author":3,"featured_media":0,"parent":17498,"menu_order":0,"comment_status":"closed","ping_status":"closed","template":"","meta":{"_acf_changed":false,"footnotes":""},"class_list":["entry","page","publish","author-woodfield","post-21528","hentry"],"acf":[],"yoast_head":"<!-- This site is optimized with the Yoast SEO plugin v26.5 - https:\/\/yoast.com\/wordpress\/plugins\/seo\/ -->\n<title>Sie k\u00f6nnen Farbe der Marke Rewah bei Woodfield kaufen!<\/title>\n<meta name=\"description\" content=\"Rewah paint - wenn Sie sich f\u00fcr Qualit\u00e4t und Service entscheiden. Kommen Sie zu einer der Woodfield-Filialen, wenn Sie Interesse haben.\" \/>\n<meta name=\"robots\" content=\"index, follow, max-snippet:-1, max-image-preview:large, max-video-preview:-1\" \/>\n<link rel=\"canonical\" href=\"https:\/\/woodfield.nl\/de\/farbe\/rewah\" \/>\n<meta property=\"og:locale\" content=\"de_DE\" \/>\n<meta property=\"og:type\" content=\"article\" \/>\n<meta property=\"og:title\" content=\"Sie k\u00f6nnen Farbe der Marke Rewah bei Woodfield kaufen!\" \/>\n<meta property=\"og:description\" content=\"Rewah paint - wenn Sie sich f\u00fcr Qualit\u00e4t und Service entscheiden. Kommen Sie zu einer der Woodfield-Filialen, wenn Sie Interesse haben.\" \/>\n<meta property=\"og:url\" content=\"https:\/\/woodfield.nl\/de\/farbe\/rewah\" \/>\n<meta property=\"og:site_name\" content=\"Woodfield - alles voor schilder en stukadoor\" \/>\n<script type=\"application\/ld+json\" class=\"yoast-schema-graph\">{\"@context\":\"https:\/\/schema.org\",\"@graph\":[{\"@type\":\"WebPage\",\"@id\":\"https:\/\/woodfield.nl\/de\/farbe\/rewah\",\"url\":\"https:\/\/woodfield.nl\/de\/farbe\/rewah\",\"name\":\"Sie k\u00f6nnen Farbe der Marke Rewah bei Woodfield kaufen!\",\"isPartOf\":{\"@id\":\"https:\/\/woodfield.nl\/#website\"},\"datePublished\":\"2022-04-13T10:50:36+00:00\",\"description\":\"Rewah paint - wenn Sie sich f\u00fcr Qualit\u00e4t und Service entscheiden. Kommen Sie zu einer der Woodfield-Filialen, wenn Sie Interesse haben.\",\"breadcrumb\":{\"@id\":\"https:\/\/woodfield.nl\/de\/farbe\/rewah#breadcrumb\"},\"inLanguage\":\"de\",\"potentialAction\":[{\"@type\":\"ReadAction\",\"target\":[\"https:\/\/woodfield.nl\/de\/farbe\/rewah\"]}]},{\"@type\":\"BreadcrumbList\",\"@id\":\"https:\/\/woodfield.nl\/de\/farbe\/rewah#breadcrumb\",\"itemListElement\":[{\"@type\":\"ListItem\",\"position\":1,\"name\":\"Farbe\",\"item\":\"https:\/\/woodfield.nl\/de\/farbe\"},{\"@type\":\"ListItem\",\"position\":2,\"name\":\"Rewah\"}]},{\"@type\":\"WebSite\",\"@id\":\"https:\/\/woodfield.nl\/#website\",\"url\":\"https:\/\/woodfield.nl\/\",\"name\":\"Woodfield - alles voor schilder en stukadoor\",\"description\":\"\",\"potentialAction\":[{\"@type\":\"SearchAction\",\"target\":{\"@type\":\"EntryPoint\",\"urlTemplate\":\"https:\/\/woodfield.nl\/?s={search_term_string}\"},\"query-input\":{\"@type\":\"PropertyValueSpecification\",\"valueRequired\":true,\"valueName\":\"search_term_string\"}}],\"inLanguage\":\"de\"}]}<\/script>\n<!-- \/ Yoast SEO plugin. -->","yoast_head_json":{"title":"Sie k\u00f6nnen Farbe der Marke Rewah bei Woodfield kaufen!","description":"Rewah paint - wenn Sie sich f\u00fcr Qualit\u00e4t und Service entscheiden. Kommen Sie zu einer der Woodfield-Filialen, wenn Sie Interesse haben.","robots":{"index":"index","follow":"follow","max-snippet":"max-snippet:-1","max-image-preview":"max-image-preview:large","max-video-preview":"max-video-preview:-1"},"canonical":"https:\/\/woodfield.nl\/de\/farbe\/rewah","og_locale":"de_DE","og_type":"article","og_title":"Sie k\u00f6nnen Farbe der Marke Rewah bei Woodfield kaufen!","og_description":"Rewah paint - wenn Sie sich f\u00fcr Qualit\u00e4t und Service entscheiden. Kommen Sie zu einer der Woodfield-Filialen, wenn Sie Interesse haben.","og_url":"https:\/\/woodfield.nl\/de\/farbe\/rewah","og_site_name":"Woodfield - alles voor schilder en stukadoor","schema":{"@context":"https:\/\/schema.org","@graph":[{"@type":"WebPage","@id":"https:\/\/woodfield.nl\/de\/farbe\/rewah","url":"https:\/\/woodfield.nl\/de\/farbe\/rewah","name":"Sie k\u00f6nnen Farbe der Marke Rewah bei Woodfield kaufen!","isPartOf":{"@id":"https:\/\/woodfield.nl\/#website"},"datePublished":"2022-04-13T10:50:36+00:00","description":"Rewah paint - wenn Sie sich f\u00fcr Qualit\u00e4t und Service entscheiden. Kommen Sie zu einer der Woodfield-Filialen, wenn Sie Interesse haben.","breadcrumb":{"@id":"https:\/\/woodfield.nl\/de\/farbe\/rewah#breadcrumb"},"inLanguage":"de","potentialAction":[{"@type":"ReadAction","target":["https:\/\/woodfield.nl\/de\/farbe\/rewah"]}]},{"@type":"BreadcrumbList","@id":"https:\/\/woodfield.nl\/de\/farbe\/rewah#breadcrumb","itemListElement":[{"@type":"ListItem","position":1,"name":"Farbe","item":"https:\/\/woodfield.nl\/de\/farbe"},{"@type":"ListItem","position":2,"name":"Rewah"}]},{"@type":"WebSite","@id":"https:\/\/woodfield.nl\/#website","url":"https:\/\/woodfield.nl\/","name":"Woodfield - alles voor schilder en stukadoor","description":"","potentialAction":[{"@type":"SearchAction","target":{"@type":"EntryPoint","urlTemplate":"https:\/\/woodfield.nl\/?s={search_term_string}"},"query-input":{"@type":"PropertyValueSpecification","valueRequired":true,"valueName":"search_term_string"}}],"inLanguage":"de"}]}},"_links":{"self":[{"href":"https:\/\/woodfield.nl\/de\/wp-json\/wp\/v2\/pages\/21528","targetHints":{"allow":["GET"]}}],"collection":[{"href":"https:\/\/woodfield.nl\/de\/wp-json\/wp\/v2\/pages"}],"about":[{"href":"https:\/\/woodfield.nl\/de\/wp-json\/wp\/v2\/types\/page"}],"author":[{"embeddable":true,"href":"https:\/\/woodfield.nl\/de\/wp-json\/wp\/v2\/users\/3"}],"replies":[{"embeddable":true,"href":"https:\/\/woodfield.nl\/de\/wp-json\/wp\/v2\/comments?post=21528"}],"version-history":[{"count":0,"href":"https:\/\/woodfield.nl\/de\/wp-json\/wp\/v2\/pages\/21528\/revisions"}],"up":[{"embeddable":true,"href":"https:\/\/woodfield.nl\/de\/wp-json\/wp\/v2\/pages\/17498"}],"wp:attachment":[{"href":"https:\/\/woodfield.nl\/de\/wp-json\/wp\/v2\/media?parent=21528"}],"curies":[{"name":"wp","href":"https:\/\/api.w.org\/{rel}","templated":true}]}}