{"id":17853,"date":"2025-07-15T14:26:40","date_gmt":"2025-07-15T12:26:40","guid":{"rendered":"https:\/\/woodfield.nl\/volgt-u-ons-al"},"modified":"2025-07-15T14:26:40","modified_gmt":"2025-07-15T12:26:40","slug":"folgen-sie-uns-bereits","status":"publish","type":"page","link":"https:\/\/woodfield.nl\/de\/folgen-sie-uns-bereits","title":{"rendered":"Folgen Sie uns bereits?"},"content":{"rendered":"","protected":false},"excerpt":{"rendered":"","protected":false},"author":1,"featured_media":0,"parent":0,"menu_order":129,"comment_status":"closed","ping_status":"closed","template":"page.php","meta":{"_acf_changed":false,"footnotes":""},"class_list":["entry","page","publish","author-dennis","post-17853","hentry"],"acf":[],"yoast_head":"<!-- This site is optimized with the Yoast SEO plugin v26.5 - https:\/\/yoast.com\/wordpress\/plugins\/seo\/ -->\n<title>Woodfield \u2013 Folgen Sie bereits unseren verschiedenen Social-Media-Kan\u00e4len?<\/title>\n<meta name=\"description\" content=\"Auf dieser Seite finden Sie die verschiedenen Social-Media-Kan\u00e4le, auf denen Sie Woodfield folgen k\u00f6nnen. Folgen Sie uns bereits?\" \/>\n<meta name=\"robots\" content=\"index, follow, max-snippet:-1, max-image-preview:large, max-video-preview:-1\" \/>\n<link rel=\"canonical\" href=\"https:\/\/woodfield.nl\/de\/folgen-sie-uns-bereits\" \/>\n<meta property=\"og:locale\" content=\"de_DE\" \/>\n<meta property=\"og:type\" content=\"article\" \/>\n<meta property=\"og:title\" content=\"Woodfield \u2013 Folgen Sie bereits unseren verschiedenen Social-Media-Kan\u00e4len?\" \/>\n<meta property=\"og:description\" content=\"Auf dieser Seite finden Sie die verschiedenen Social-Media-Kan\u00e4le, auf denen Sie Woodfield folgen k\u00f6nnen. Folgen Sie uns bereits?\" \/>\n<meta property=\"og:url\" content=\"https:\/\/woodfield.nl\/de\/folgen-sie-uns-bereits\" \/>\n<meta property=\"og:site_name\" content=\"Woodfield - alles voor schilder en stukadoor\" \/>\n<script type=\"application\/ld+json\" class=\"yoast-schema-graph\">{\"@context\":\"https:\/\/schema.org\",\"@graph\":[{\"@type\":\"WebPage\",\"@id\":\"https:\/\/woodfield.nl\/de\/folgen-sie-uns-bereits\",\"url\":\"https:\/\/woodfield.nl\/de\/folgen-sie-uns-bereits\",\"name\":\"Woodfield \u2013 Folgen Sie bereits unseren verschiedenen Social-Media-Kan\u00e4len?\",\"isPartOf\":{\"@id\":\"https:\/\/woodfield.nl\/#website\"},\"datePublished\":\"2025-07-15T12:26:40+00:00\",\"description\":\"Auf dieser Seite finden Sie die verschiedenen Social-Media-Kan\u00e4le, auf denen Sie Woodfield folgen k\u00f6nnen. Folgen Sie uns bereits?\",\"inLanguage\":\"de\",\"potentialAction\":[{\"@type\":\"ReadAction\",\"target\":[\"https:\/\/woodfield.nl\/de\/folgen-sie-uns-bereits\"]}]},{\"@type\":\"WebSite\",\"@id\":\"https:\/\/woodfield.nl\/#website\",\"url\":\"https:\/\/woodfield.nl\/\",\"name\":\"Woodfield - alles voor schilder en stukadoor\",\"description\":\"\",\"potentialAction\":[{\"@type\":\"SearchAction\",\"target\":{\"@type\":\"EntryPoint\",\"urlTemplate\":\"https:\/\/woodfield.nl\/?s={search_term_string}\"},\"query-input\":{\"@type\":\"PropertyValueSpecification\",\"valueRequired\":true,\"valueName\":\"search_term_string\"}}],\"inLanguage\":\"de\"}]}<\/script>\n<!-- \/ Yoast SEO plugin. -->","yoast_head_json":{"title":"Woodfield \u2013 Folgen Sie bereits unseren verschiedenen Social-Media-Kan\u00e4len?","description":"Auf dieser Seite finden Sie die verschiedenen Social-Media-Kan\u00e4le, auf denen Sie Woodfield folgen k\u00f6nnen. Folgen Sie uns bereits?","robots":{"index":"index","follow":"follow","max-snippet":"max-snippet:-1","max-image-preview":"max-image-preview:large","max-video-preview":"max-video-preview:-1"},"canonical":"https:\/\/woodfield.nl\/de\/folgen-sie-uns-bereits","og_locale":"de_DE","og_type":"article","og_title":"Woodfield \u2013 Folgen Sie bereits unseren verschiedenen Social-Media-Kan\u00e4len?","og_description":"Auf dieser Seite finden Sie die verschiedenen Social-Media-Kan\u00e4le, auf denen Sie Woodfield folgen k\u00f6nnen. Folgen Sie uns bereits?","og_url":"https:\/\/woodfield.nl\/de\/folgen-sie-uns-bereits","og_site_name":"Woodfield - alles voor schilder en stukadoor","schema":{"@context":"https:\/\/schema.org","@graph":[{"@type":"WebPage","@id":"https:\/\/woodfield.nl\/de\/folgen-sie-uns-bereits","url":"https:\/\/woodfield.nl\/de\/folgen-sie-uns-bereits","name":"Woodfield \u2013 Folgen Sie bereits unseren verschiedenen Social-Media-Kan\u00e4len?","isPartOf":{"@id":"https:\/\/woodfield.nl\/#website"},"datePublished":"2025-07-15T12:26:40+00:00","description":"Auf dieser Seite finden Sie die verschiedenen Social-Media-Kan\u00e4le, auf denen Sie Woodfield folgen k\u00f6nnen. Folgen Sie uns bereits?","inLanguage":"de","potentialAction":[{"@type":"ReadAction","target":["https:\/\/woodfield.nl\/de\/folgen-sie-uns-bereits"]}]},{"@type":"WebSite","@id":"https:\/\/woodfield.nl\/#website","url":"https:\/\/woodfield.nl\/","name":"Woodfield - alles voor schilder en stukadoor","description":"","potentialAction":[{"@type":"SearchAction","target":{"@type":"EntryPoint","urlTemplate":"https:\/\/woodfield.nl\/?s={search_term_string}"},"query-input":{"@type":"PropertyValueSpecification","valueRequired":true,"valueName":"search_term_string"}}],"inLanguage":"de"}]}},"_links":{"self":[{"href":"https:\/\/woodfield.nl\/de\/wp-json\/wp\/v2\/pages\/17853","targetHints":{"allow":["GET"]}}],"collection":[{"href":"https:\/\/woodfield.nl\/de\/wp-json\/wp\/v2\/pages"}],"about":[{"href":"https:\/\/woodfield.nl\/de\/wp-json\/wp\/v2\/types\/page"}],"author":[{"embeddable":true,"href":"https:\/\/woodfield.nl\/de\/wp-json\/wp\/v2\/users\/1"}],"replies":[{"embeddable":true,"href":"https:\/\/woodfield.nl\/de\/wp-json\/wp\/v2\/comments?post=17853"}],"version-history":[{"count":0,"href":"https:\/\/woodfield.nl\/de\/wp-json\/wp\/v2\/pages\/17853\/revisions"}],"wp:attachment":[{"href":"https:\/\/woodfield.nl\/de\/wp-json\/wp\/v2\/media?parent=17853"}],"curies":[{"name":"wp","href":"https:\/\/api.w.org\/{rel}","templated":true}]}}