{"id":17478,"date":"2022-04-20T09:53:18","date_gmt":"2022-04-20T07:53:18","guid":{"rendered":"https:\/\/woodfield.nl\/persoonlijke-bescherming"},"modified":"2022-04-20T09:53:18","modified_gmt":"2022-04-20T07:53:18","slug":"personenschutz","status":"publish","type":"page","link":"https:\/\/woodfield.nl\/de\/sortiment-woodfield\/personenschutz","title":{"rendered":"Persoonlijke bescherming"},"content":{"rendered":"","protected":false},"excerpt":{"rendered":"","protected":false},"author":3,"featured_media":0,"parent":17816,"menu_order":466,"comment_status":"closed","ping_status":"closed","template":"page.php","meta":{"_acf_changed":false,"footnotes":""},"class_list":["entry","page","publish","author-woodfield","post-17478","hentry"],"acf":[],"yoast_head":"<!-- This site is optimized with the Yoast SEO plugin v26.5 - https:\/\/yoast.com\/wordpress\/plugins\/seo\/ -->\n<title>Woodfield \u2013 f\u00fcr professionellen pers\u00f6nlichen Schutz<\/title>\n<meta name=\"description\" content=\"Eine gute Sicherheitsausr\u00fcstung ist ein Muss f\u00fcr jede Maler- und Verputzarbeit. Werfen Sie hier einen Blick auf das Angebot bei Woodfield.\" \/>\n<meta name=\"robots\" content=\"index, follow, max-snippet:-1, max-image-preview:large, max-video-preview:-1\" \/>\n<link rel=\"canonical\" href=\"https:\/\/woodfield.nl\/de\/sortiment-woodfield\/personenschutz\" \/>\n<meta property=\"og:locale\" content=\"de_DE\" \/>\n<meta property=\"og:type\" content=\"article\" \/>\n<meta property=\"og:title\" content=\"Woodfield \u2013 f\u00fcr professionellen pers\u00f6nlichen Schutz\" \/>\n<meta property=\"og:description\" content=\"Eine gute Sicherheitsausr\u00fcstung ist ein Muss f\u00fcr jede Maler- und Verputzarbeit. Werfen Sie hier einen Blick auf das Angebot bei Woodfield.\" \/>\n<meta property=\"og:url\" content=\"https:\/\/woodfield.nl\/de\/sortiment-woodfield\/personenschutz\" \/>\n<meta property=\"og:site_name\" content=\"Woodfield - alles voor schilder en stukadoor\" \/>\n<script type=\"application\/ld+json\" class=\"yoast-schema-graph\">{\"@context\":\"https:\/\/schema.org\",\"@graph\":[{\"@type\":\"WebPage\",\"@id\":\"https:\/\/woodfield.nl\/de\/sortiment-woodfield\/personenschutz\",\"url\":\"https:\/\/woodfield.nl\/de\/sortiment-woodfield\/personenschutz\",\"name\":\"Woodfield \u2013 f\u00fcr professionellen pers\u00f6nlichen Schutz\",\"isPartOf\":{\"@id\":\"https:\/\/woodfield.nl\/#website\"},\"datePublished\":\"2022-04-20T07:53:18+00:00\",\"description\":\"Eine gute Sicherheitsausr\u00fcstung ist ein Muss f\u00fcr jede Maler- und Verputzarbeit. Werfen Sie hier einen Blick auf das Angebot bei Woodfield.\",\"breadcrumb\":{\"@id\":\"https:\/\/woodfield.nl\/de\/sortiment-woodfield\/personenschutz#breadcrumb\"},\"inLanguage\":\"de\",\"potentialAction\":[{\"@type\":\"ReadAction\",\"target\":[\"https:\/\/woodfield.nl\/de\/sortiment-woodfield\/personenschutz\"]}]},{\"@type\":\"BreadcrumbList\",\"@id\":\"https:\/\/woodfield.nl\/de\/sortiment-woodfield\/personenschutz#breadcrumb\",\"itemListElement\":[{\"@type\":\"ListItem\",\"position\":1,\"name\":\"Woodfield-Sortiment\",\"item\":\"https:\/\/woodfield.nl\/de\/sortiment-woodfield\"},{\"@type\":\"ListItem\",\"position\":2,\"name\":\"Persoonlijke bescherming\"}]},{\"@type\":\"WebSite\",\"@id\":\"https:\/\/woodfield.nl\/#website\",\"url\":\"https:\/\/woodfield.nl\/\",\"name\":\"Woodfield - alles voor schilder en stukadoor\",\"description\":\"\",\"potentialAction\":[{\"@type\":\"SearchAction\",\"target\":{\"@type\":\"EntryPoint\",\"urlTemplate\":\"https:\/\/woodfield.nl\/?s={search_term_string}\"},\"query-input\":{\"@type\":\"PropertyValueSpecification\",\"valueRequired\":true,\"valueName\":\"search_term_string\"}}],\"inLanguage\":\"de\"}]}<\/script>\n<!-- \/ Yoast SEO plugin. -->","yoast_head_json":{"title":"Woodfield \u2013 f\u00fcr professionellen pers\u00f6nlichen Schutz","description":"Eine gute Sicherheitsausr\u00fcstung ist ein Muss f\u00fcr jede Maler- und Verputzarbeit. Werfen Sie hier einen Blick auf das Angebot bei Woodfield.","robots":{"index":"index","follow":"follow","max-snippet":"max-snippet:-1","max-image-preview":"max-image-preview:large","max-video-preview":"max-video-preview:-1"},"canonical":"https:\/\/woodfield.nl\/de\/sortiment-woodfield\/personenschutz","og_locale":"de_DE","og_type":"article","og_title":"Woodfield \u2013 f\u00fcr professionellen pers\u00f6nlichen Schutz","og_description":"Eine gute Sicherheitsausr\u00fcstung ist ein Muss f\u00fcr jede Maler- und Verputzarbeit. Werfen Sie hier einen Blick auf das Angebot bei Woodfield.","og_url":"https:\/\/woodfield.nl\/de\/sortiment-woodfield\/personenschutz","og_site_name":"Woodfield - alles voor schilder en stukadoor","schema":{"@context":"https:\/\/schema.org","@graph":[{"@type":"WebPage","@id":"https:\/\/woodfield.nl\/de\/sortiment-woodfield\/personenschutz","url":"https:\/\/woodfield.nl\/de\/sortiment-woodfield\/personenschutz","name":"Woodfield \u2013 f\u00fcr professionellen pers\u00f6nlichen Schutz","isPartOf":{"@id":"https:\/\/woodfield.nl\/#website"},"datePublished":"2022-04-20T07:53:18+00:00","description":"Eine gute Sicherheitsausr\u00fcstung ist ein Muss f\u00fcr jede Maler- und Verputzarbeit. Werfen Sie hier einen Blick auf das Angebot bei Woodfield.","breadcrumb":{"@id":"https:\/\/woodfield.nl\/de\/sortiment-woodfield\/personenschutz#breadcrumb"},"inLanguage":"de","potentialAction":[{"@type":"ReadAction","target":["https:\/\/woodfield.nl\/de\/sortiment-woodfield\/personenschutz"]}]},{"@type":"BreadcrumbList","@id":"https:\/\/woodfield.nl\/de\/sortiment-woodfield\/personenschutz#breadcrumb","itemListElement":[{"@type":"ListItem","position":1,"name":"Woodfield-Sortiment","item":"https:\/\/woodfield.nl\/de\/sortiment-woodfield"},{"@type":"ListItem","position":2,"name":"Persoonlijke bescherming"}]},{"@type":"WebSite","@id":"https:\/\/woodfield.nl\/#website","url":"https:\/\/woodfield.nl\/","name":"Woodfield - alles voor schilder en stukadoor","description":"","potentialAction":[{"@type":"SearchAction","target":{"@type":"EntryPoint","urlTemplate":"https:\/\/woodfield.nl\/?s={search_term_string}"},"query-input":{"@type":"PropertyValueSpecification","valueRequired":true,"valueName":"search_term_string"}}],"inLanguage":"de"}]}},"_links":{"self":[{"href":"https:\/\/woodfield.nl\/de\/wp-json\/wp\/v2\/pages\/17478","targetHints":{"allow":["GET"]}}],"collection":[{"href":"https:\/\/woodfield.nl\/de\/wp-json\/wp\/v2\/pages"}],"about":[{"href":"https:\/\/woodfield.nl\/de\/wp-json\/wp\/v2\/types\/page"}],"author":[{"embeddable":true,"href":"https:\/\/woodfield.nl\/de\/wp-json\/wp\/v2\/users\/3"}],"replies":[{"embeddable":true,"href":"https:\/\/woodfield.nl\/de\/wp-json\/wp\/v2\/comments?post=17478"}],"version-history":[{"count":0,"href":"https:\/\/woodfield.nl\/de\/wp-json\/wp\/v2\/pages\/17478\/revisions"}],"up":[{"embeddable":true,"href":"https:\/\/woodfield.nl\/de\/wp-json\/wp\/v2\/pages\/17816"}],"wp:attachment":[{"href":"https:\/\/woodfield.nl\/de\/wp-json\/wp\/v2\/media?parent=17478"}],"curies":[{"name":"wp","href":"https:\/\/api.w.org\/{rel}","templated":true}]}}