{"id":16345,"date":"2025-10-16T09:03:56","date_gmt":"2025-10-16T07:03:56","guid":{"rendered":"https:\/\/woodfield.nl\/verkooppunten\/woodfield-nijmegen"},"modified":"2025-10-16T09:03:56","modified_gmt":"2025-10-16T07:03:56","slug":"woodfield-nijmegen","status":"publish","type":"page","link":"https:\/\/woodfield.nl\/de\/verkaufsstellen\/woodfield-nijmegen","title":{"rendered":"Woodfield Nijmegen"},"content":{"rendered":"","protected":false},"excerpt":{"rendered":"","protected":false},"author":3,"featured_media":0,"parent":16329,"menu_order":62,"comment_status":"closed","ping_status":"closed","template":"page-vestiging.php","meta":{"_acf_changed":false,"footnotes":""},"class_list":["entry","page","publish","author-woodfield","post-16345","hentry"],"acf":[],"yoast_head":"<!-- This site is optimized with the Yoast SEO plugin v26.5 - https:\/\/yoast.com\/wordpress\/plugins\/seo\/ -->\n<title>Woodfield Nijmegen \u2013 alles f\u00fcr Maler und Stuckateure<\/title>\n<meta name=\"description\" content=\"Woodfield Nijmegen ist die richtige Adresse f\u00fcr alle Materialien, die Sie als Maler oder Stuckateur ben\u00f6tigen. Kommen Sie bei uns vorbei!\" \/>\n<meta name=\"robots\" content=\"index, follow, max-snippet:-1, max-image-preview:large, max-video-preview:-1\" \/>\n<link rel=\"canonical\" href=\"https:\/\/woodfield.nl\/de\/verkaufsstellen\/woodfield-nijmegen\" \/>\n<meta property=\"og:locale\" content=\"de_DE\" \/>\n<meta property=\"og:type\" content=\"article\" \/>\n<meta property=\"og:title\" content=\"Woodfield Nijmegen \u2013 alles f\u00fcr Maler und Stuckateure\" \/>\n<meta property=\"og:description\" content=\"Woodfield Nijmegen ist die richtige Adresse f\u00fcr alle Materialien, die Sie als Maler oder Stuckateur ben\u00f6tigen. Kommen Sie bei uns vorbei!\" \/>\n<meta property=\"og:url\" content=\"https:\/\/woodfield.nl\/de\/verkaufsstellen\/woodfield-nijmegen\" \/>\n<meta property=\"og:site_name\" content=\"Woodfield - alles voor schilder en stukadoor\" \/>\n<meta name=\"twitter:label1\" content=\"Gesch\u00e4tzte Lesezeit\" \/>\n\t<meta name=\"twitter:data1\" content=\"3\u00a0Minuten\" \/>\n<script type=\"application\/ld+json\" class=\"yoast-schema-graph\">{\"@context\":\"https:\/\/schema.org\",\"@graph\":[{\"@type\":\"WebPage\",\"@id\":\"https:\/\/woodfield.nl\/de\/verkaufsstellen\/woodfield-nijmegen\",\"url\":\"https:\/\/woodfield.nl\/de\/verkaufsstellen\/woodfield-nijmegen\",\"name\":\"Woodfield Nijmegen \u2013 alles f\u00fcr Maler und Stuckateure\",\"isPartOf\":{\"@id\":\"https:\/\/woodfield.nl\/#website\"},\"datePublished\":\"2025-10-16T07:03:56+00:00\",\"description\":\"Woodfield Nijmegen ist die richtige Adresse f\u00fcr alle Materialien, die Sie als Maler oder Stuckateur ben\u00f6tigen. Kommen Sie bei uns vorbei!\",\"breadcrumb\":{\"@id\":\"https:\/\/woodfield.nl\/de\/verkaufsstellen\/woodfield-nijmegen#breadcrumb\"},\"inLanguage\":\"de\",\"potentialAction\":[{\"@type\":\"ReadAction\",\"target\":[\"https:\/\/woodfield.nl\/de\/verkaufsstellen\/woodfield-nijmegen\"]}]},{\"@type\":\"BreadcrumbList\",\"@id\":\"https:\/\/woodfield.nl\/de\/verkaufsstellen\/woodfield-nijmegen#breadcrumb\",\"itemListElement\":[{\"@type\":\"ListItem\",\"position\":1,\"name\":\"Verkaufsstellen\",\"item\":\"https:\/\/woodfield.nl\/de\/verkaufsstellen\"},{\"@type\":\"ListItem\",\"position\":2,\"name\":\"Woodfield Nijmegen\"}]},{\"@type\":\"WebSite\",\"@id\":\"https:\/\/woodfield.nl\/#website\",\"url\":\"https:\/\/woodfield.nl\/\",\"name\":\"Woodfield - alles voor schilder en stukadoor\",\"description\":\"\",\"potentialAction\":[{\"@type\":\"SearchAction\",\"target\":{\"@type\":\"EntryPoint\",\"urlTemplate\":\"https:\/\/woodfield.nl\/?s={search_term_string}\"},\"query-input\":{\"@type\":\"PropertyValueSpecification\",\"valueRequired\":true,\"valueName\":\"search_term_string\"}}],\"inLanguage\":\"de\"}]}<\/script>\n<!-- \/ Yoast SEO plugin. -->","yoast_head_json":{"title":"Woodfield Nijmegen \u2013 alles f\u00fcr Maler und Stuckateure","description":"Woodfield Nijmegen ist die richtige Adresse f\u00fcr alle Materialien, die Sie als Maler oder Stuckateur ben\u00f6tigen. Kommen Sie bei uns vorbei!","robots":{"index":"index","follow":"follow","max-snippet":"max-snippet:-1","max-image-preview":"max-image-preview:large","max-video-preview":"max-video-preview:-1"},"canonical":"https:\/\/woodfield.nl\/de\/verkaufsstellen\/woodfield-nijmegen","og_locale":"de_DE","og_type":"article","og_title":"Woodfield Nijmegen \u2013 alles f\u00fcr Maler und Stuckateure","og_description":"Woodfield Nijmegen ist die richtige Adresse f\u00fcr alle Materialien, die Sie als Maler oder Stuckateur ben\u00f6tigen. Kommen Sie bei uns vorbei!","og_url":"https:\/\/woodfield.nl\/de\/verkaufsstellen\/woodfield-nijmegen","og_site_name":"Woodfield - alles voor schilder en stukadoor","twitter_misc":{"Gesch\u00e4tzte Lesezeit":"3\u00a0Minuten"},"schema":{"@context":"https:\/\/schema.org","@graph":[{"@type":"WebPage","@id":"https:\/\/woodfield.nl\/de\/verkaufsstellen\/woodfield-nijmegen","url":"https:\/\/woodfield.nl\/de\/verkaufsstellen\/woodfield-nijmegen","name":"Woodfield Nijmegen \u2013 alles f\u00fcr Maler und Stuckateure","isPartOf":{"@id":"https:\/\/woodfield.nl\/#website"},"datePublished":"2025-10-16T07:03:56+00:00","description":"Woodfield Nijmegen ist die richtige Adresse f\u00fcr alle Materialien, die Sie als Maler oder Stuckateur ben\u00f6tigen. Kommen Sie bei uns vorbei!","breadcrumb":{"@id":"https:\/\/woodfield.nl\/de\/verkaufsstellen\/woodfield-nijmegen#breadcrumb"},"inLanguage":"de","potentialAction":[{"@type":"ReadAction","target":["https:\/\/woodfield.nl\/de\/verkaufsstellen\/woodfield-nijmegen"]}]},{"@type":"BreadcrumbList","@id":"https:\/\/woodfield.nl\/de\/verkaufsstellen\/woodfield-nijmegen#breadcrumb","itemListElement":[{"@type":"ListItem","position":1,"name":"Verkaufsstellen","item":"https:\/\/woodfield.nl\/de\/verkaufsstellen"},{"@type":"ListItem","position":2,"name":"Woodfield Nijmegen"}]},{"@type":"WebSite","@id":"https:\/\/woodfield.nl\/#website","url":"https:\/\/woodfield.nl\/","name":"Woodfield - alles voor schilder en stukadoor","description":"","potentialAction":[{"@type":"SearchAction","target":{"@type":"EntryPoint","urlTemplate":"https:\/\/woodfield.nl\/?s={search_term_string}"},"query-input":{"@type":"PropertyValueSpecification","valueRequired":true,"valueName":"search_term_string"}}],"inLanguage":"de"}]}},"_links":{"self":[{"href":"https:\/\/woodfield.nl\/de\/wp-json\/wp\/v2\/pages\/16345","targetHints":{"allow":["GET"]}}],"collection":[{"href":"https:\/\/woodfield.nl\/de\/wp-json\/wp\/v2\/pages"}],"about":[{"href":"https:\/\/woodfield.nl\/de\/wp-json\/wp\/v2\/types\/page"}],"author":[{"embeddable":true,"href":"https:\/\/woodfield.nl\/de\/wp-json\/wp\/v2\/users\/3"}],"replies":[{"embeddable":true,"href":"https:\/\/woodfield.nl\/de\/wp-json\/wp\/v2\/comments?post=16345"}],"version-history":[{"count":0,"href":"https:\/\/woodfield.nl\/de\/wp-json\/wp\/v2\/pages\/16345\/revisions"}],"up":[{"embeddable":true,"href":"https:\/\/woodfield.nl\/de\/wp-json\/wp\/v2\/pages\/16329"}],"wp:attachment":[{"href":"https:\/\/woodfield.nl\/de\/wp-json\/wp\/v2\/media?parent=16345"}],"curies":[{"name":"wp","href":"https:\/\/api.w.org\/{rel}","templated":true}]}}