{"id":16336,"date":"2021-03-15T15:26:48","date_gmt":"2021-03-15T14:26:48","guid":{"rendered":"https:\/\/woodfield.nl\/woodfield-verf"},"modified":"2021-03-15T15:26:48","modified_gmt":"2021-03-15T14:26:48","slug":"woodfield-farbe","status":"publish","type":"page","link":"https:\/\/woodfield.nl\/de\/sortiment-woodfield\/farbe\/woodfield-farbe","title":{"rendered":"Farbe \u2013 Woodfield-Farbe"},"content":{"rendered":"","protected":false},"excerpt":{"rendered":"","protected":false},"author":3,"featured_media":0,"parent":17498,"menu_order":356,"comment_status":"closed","ping_status":"closed","template":"page.php","meta":{"_acf_changed":false,"footnotes":""},"class_list":["entry","page","publish","author-woodfield","post-16336","hentry"],"acf":[],"yoast_head":"<!-- This site is optimized with the Yoast SEO plugin v26.5 - https:\/\/yoast.com\/wordpress\/plugins\/seo\/ -->\n<title>Woodfield-Farbe \u2013 alles \u00fcber Woodfields eigene Farbmarke.<\/title>\n<meta name=\"description\" content=\"Auf dieser Seite erfahren Sie mehr \u00fcber Woodfield-Farbe. Dies ist unsere eigene Handelsmarke, die f\u00fcr ihre Qualit\u00e4t bekannt ist.\" \/>\n<meta name=\"robots\" content=\"index, follow, max-snippet:-1, max-image-preview:large, max-video-preview:-1\" \/>\n<link rel=\"canonical\" href=\"https:\/\/woodfield.nl\/de\/farbe\/woodfield-farbe\" \/>\n<meta property=\"og:locale\" content=\"de_DE\" \/>\n<meta property=\"og:type\" content=\"article\" \/>\n<meta property=\"og:title\" content=\"Woodfield-Farbe \u2013 alles \u00fcber Woodfields eigene Farbmarke.\" \/>\n<meta property=\"og:description\" content=\"Auf dieser Seite erfahren Sie mehr \u00fcber Woodfield-Farbe. Dies ist unsere eigene Handelsmarke, die f\u00fcr ihre Qualit\u00e4t bekannt ist.\" \/>\n<meta property=\"og:url\" content=\"https:\/\/woodfield.nl\/de\/farbe\/woodfield-farbe\" \/>\n<meta property=\"og:site_name\" content=\"Woodfield - alles voor schilder en stukadoor\" \/>\n<script type=\"application\/ld+json\" class=\"yoast-schema-graph\">{\"@context\":\"https:\/\/schema.org\",\"@graph\":[{\"@type\":\"WebPage\",\"@id\":\"https:\/\/woodfield.nl\/de\/farbe\/woodfield-farbe\",\"url\":\"https:\/\/woodfield.nl\/de\/farbe\/woodfield-farbe\",\"name\":\"Woodfield-Farbe \u2013 alles \u00fcber Woodfields eigene Farbmarke.\",\"isPartOf\":{\"@id\":\"https:\/\/woodfield.nl\/#website\"},\"datePublished\":\"2021-03-15T14:26:48+00:00\",\"description\":\"Auf dieser Seite erfahren Sie mehr \u00fcber Woodfield-Farbe. Dies ist unsere eigene Handelsmarke, die f\u00fcr ihre Qualit\u00e4t bekannt ist.\",\"breadcrumb\":{\"@id\":\"https:\/\/woodfield.nl\/de\/farbe\/woodfield-farbe#breadcrumb\"},\"inLanguage\":\"de\",\"potentialAction\":[{\"@type\":\"ReadAction\",\"target\":[\"https:\/\/woodfield.nl\/de\/farbe\/woodfield-farbe\"]}]},{\"@type\":\"BreadcrumbList\",\"@id\":\"https:\/\/woodfield.nl\/de\/farbe\/woodfield-farbe#breadcrumb\",\"itemListElement\":[{\"@type\":\"ListItem\",\"position\":1,\"name\":\"Farbe\",\"item\":\"https:\/\/woodfield.nl\/de\/farbe\"},{\"@type\":\"ListItem\",\"position\":2,\"name\":\"Farbe \u2013 Woodfield-Farbe\"}]},{\"@type\":\"WebSite\",\"@id\":\"https:\/\/woodfield.nl\/#website\",\"url\":\"https:\/\/woodfield.nl\/\",\"name\":\"Woodfield - alles voor schilder en stukadoor\",\"description\":\"\",\"potentialAction\":[{\"@type\":\"SearchAction\",\"target\":{\"@type\":\"EntryPoint\",\"urlTemplate\":\"https:\/\/woodfield.nl\/?s={search_term_string}\"},\"query-input\":{\"@type\":\"PropertyValueSpecification\",\"valueRequired\":true,\"valueName\":\"search_term_string\"}}],\"inLanguage\":\"de\"}]}<\/script>\n<!-- \/ Yoast SEO plugin. -->","yoast_head_json":{"title":"Woodfield-Farbe \u2013 alles \u00fcber Woodfields eigene Farbmarke.","description":"Auf dieser Seite erfahren Sie mehr \u00fcber Woodfield-Farbe. Dies ist unsere eigene Handelsmarke, die f\u00fcr ihre Qualit\u00e4t bekannt ist.","robots":{"index":"index","follow":"follow","max-snippet":"max-snippet:-1","max-image-preview":"max-image-preview:large","max-video-preview":"max-video-preview:-1"},"canonical":"https:\/\/woodfield.nl\/de\/farbe\/woodfield-farbe","og_locale":"de_DE","og_type":"article","og_title":"Woodfield-Farbe \u2013 alles \u00fcber Woodfields eigene Farbmarke.","og_description":"Auf dieser Seite erfahren Sie mehr \u00fcber Woodfield-Farbe. Dies ist unsere eigene Handelsmarke, die f\u00fcr ihre Qualit\u00e4t bekannt ist.","og_url":"https:\/\/woodfield.nl\/de\/farbe\/woodfield-farbe","og_site_name":"Woodfield - alles voor schilder en stukadoor","schema":{"@context":"https:\/\/schema.org","@graph":[{"@type":"WebPage","@id":"https:\/\/woodfield.nl\/de\/farbe\/woodfield-farbe","url":"https:\/\/woodfield.nl\/de\/farbe\/woodfield-farbe","name":"Woodfield-Farbe \u2013 alles \u00fcber Woodfields eigene Farbmarke.","isPartOf":{"@id":"https:\/\/woodfield.nl\/#website"},"datePublished":"2021-03-15T14:26:48+00:00","description":"Auf dieser Seite erfahren Sie mehr \u00fcber Woodfield-Farbe. Dies ist unsere eigene Handelsmarke, die f\u00fcr ihre Qualit\u00e4t bekannt ist.","breadcrumb":{"@id":"https:\/\/woodfield.nl\/de\/farbe\/woodfield-farbe#breadcrumb"},"inLanguage":"de","potentialAction":[{"@type":"ReadAction","target":["https:\/\/woodfield.nl\/de\/farbe\/woodfield-farbe"]}]},{"@type":"BreadcrumbList","@id":"https:\/\/woodfield.nl\/de\/farbe\/woodfield-farbe#breadcrumb","itemListElement":[{"@type":"ListItem","position":1,"name":"Farbe","item":"https:\/\/woodfield.nl\/de\/farbe"},{"@type":"ListItem","position":2,"name":"Farbe \u2013 Woodfield-Farbe"}]},{"@type":"WebSite","@id":"https:\/\/woodfield.nl\/#website","url":"https:\/\/woodfield.nl\/","name":"Woodfield - alles voor schilder en stukadoor","description":"","potentialAction":[{"@type":"SearchAction","target":{"@type":"EntryPoint","urlTemplate":"https:\/\/woodfield.nl\/?s={search_term_string}"},"query-input":{"@type":"PropertyValueSpecification","valueRequired":true,"valueName":"search_term_string"}}],"inLanguage":"de"}]}},"_links":{"self":[{"href":"https:\/\/woodfield.nl\/de\/wp-json\/wp\/v2\/pages\/16336","targetHints":{"allow":["GET"]}}],"collection":[{"href":"https:\/\/woodfield.nl\/de\/wp-json\/wp\/v2\/pages"}],"about":[{"href":"https:\/\/woodfield.nl\/de\/wp-json\/wp\/v2\/types\/page"}],"author":[{"embeddable":true,"href":"https:\/\/woodfield.nl\/de\/wp-json\/wp\/v2\/users\/3"}],"replies":[{"embeddable":true,"href":"https:\/\/woodfield.nl\/de\/wp-json\/wp\/v2\/comments?post=16336"}],"version-history":[{"count":0,"href":"https:\/\/woodfield.nl\/de\/wp-json\/wp\/v2\/pages\/16336\/revisions"}],"up":[{"embeddable":true,"href":"https:\/\/woodfield.nl\/de\/wp-json\/wp\/v2\/pages\/17498"}],"wp:attachment":[{"href":"https:\/\/woodfield.nl\/de\/wp-json\/wp\/v2\/media?parent=16336"}],"curies":[{"name":"wp","href":"https:\/\/api.w.org\/{rel}","templated":true}]}}