{"id":16299,"date":"2021-03-15T13:18:32","date_gmt":"2021-03-15T12:18:32","guid":{"rendered":"https:\/\/woodfield.nl\/dichtungsmittel-und-holzbearbeitung\/soudal"},"modified":"2021-03-15T13:18:32","modified_gmt":"2021-03-15T12:18:32","slug":"soudal","status":"publish","type":"page","link":"https:\/\/woodfield.nl\/de\/sortiment-woodfield\/dichtungsmittel-und-holzbearbeitung\/soudal","title":{"rendered":"Woodfield Dichtungsmittel und Holzbearbeitung \u2013 Soudal"},"content":{"rendered":"","protected":false},"excerpt":{"rendered":"","protected":false},"author":3,"featured_media":0,"parent":16289,"menu_order":394,"comment_status":"closed","ping_status":"closed","template":"page.php","meta":{"_acf_changed":false,"footnotes":""},"class_list":["entry","page","publish","author-woodfield","post-16299","hentry"],"acf":[],"yoast_head":"<!-- This site is optimized with the Yoast SEO plugin v26.5 - https:\/\/yoast.com\/wordpress\/plugins\/seo\/ -->\n<title>Woodfield - das Sortiment an Dichtungs- und Holzbearbeitungsmitteln von Soudal<\/title>\n<meta name=\"description\" content=\"F\u00fcr Dichtungs- und Holzbearbeitungsmittel von Soudal k\u00f6nnen Sie sich an Woodfield wenden. Kontaktieren Sie uns f\u00fcr Informationen zu unserem Sortiment.\" \/>\n<meta name=\"robots\" content=\"index, follow, max-snippet:-1, max-image-preview:large, max-video-preview:-1\" \/>\n<link rel=\"canonical\" href=\"https:\/\/woodfield.nl\/de\/sortiment-woodfield\/dichtungsmittel-und-holzbearbeitung\/soudal\" \/>\n<meta property=\"og:locale\" content=\"de_DE\" \/>\n<meta property=\"og:type\" content=\"article\" \/>\n<meta property=\"og:title\" content=\"Woodfield - das Sortiment an Dichtungs- und Holzbearbeitungsmitteln von Soudal\" \/>\n<meta property=\"og:description\" content=\"F\u00fcr Dichtungs- und Holzbearbeitungsmittel von Soudal k\u00f6nnen Sie sich an Woodfield wenden. Kontaktieren Sie uns f\u00fcr Informationen zu unserem Sortiment.\" \/>\n<meta property=\"og:url\" content=\"https:\/\/woodfield.nl\/de\/sortiment-woodfield\/dichtungsmittel-und-holzbearbeitung\/soudal\" \/>\n<meta property=\"og:site_name\" content=\"Woodfield - alles voor schilder en stukadoor\" \/>\n<script type=\"application\/ld+json\" class=\"yoast-schema-graph\">{\"@context\":\"https:\/\/schema.org\",\"@graph\":[{\"@type\":\"WebPage\",\"@id\":\"https:\/\/woodfield.nl\/de\/sortiment-woodfield\/dichtungsmittel-und-holzbearbeitung\/soudal\",\"url\":\"https:\/\/woodfield.nl\/de\/sortiment-woodfield\/dichtungsmittel-und-holzbearbeitung\/soudal\",\"name\":\"Woodfield - das Sortiment an Dichtungs- und Holzbearbeitungsmitteln von Soudal\",\"isPartOf\":{\"@id\":\"https:\/\/woodfield.nl\/#website\"},\"datePublished\":\"2021-03-15T12:18:32+00:00\",\"description\":\"F\u00fcr Dichtungs- und Holzbearbeitungsmittel von Soudal k\u00f6nnen Sie sich an Woodfield wenden. Kontaktieren Sie uns f\u00fcr Informationen zu unserem Sortiment.\",\"breadcrumb\":{\"@id\":\"https:\/\/woodfield.nl\/de\/sortiment-woodfield\/dichtungsmittel-und-holzbearbeitung\/soudal#breadcrumb\"},\"inLanguage\":\"de\",\"potentialAction\":[{\"@type\":\"ReadAction\",\"target\":[\"https:\/\/woodfield.nl\/de\/sortiment-woodfield\/dichtungsmittel-und-holzbearbeitung\/soudal\"]}]},{\"@type\":\"BreadcrumbList\",\"@id\":\"https:\/\/woodfield.nl\/de\/sortiment-woodfield\/dichtungsmittel-und-holzbearbeitung\/soudal#breadcrumb\",\"itemListElement\":[{\"@type\":\"ListItem\",\"position\":1,\"name\":\"Woodfield-Sortiment\",\"item\":\"https:\/\/woodfield.nl\/de\/sortiment-woodfield\"},{\"@type\":\"ListItem\",\"position\":2,\"name\":\"Dichtungsmittel und Holzbearbeitung\",\"item\":\"https:\/\/woodfield.nl\/de\/sortiment-woodfield\/dichtungsmittel-und-holzbearbeitung\"},{\"@type\":\"ListItem\",\"position\":3,\"name\":\"Woodfield Dichtungsmittel und Holzbearbeitung \u2013 Soudal\"}]},{\"@type\":\"WebSite\",\"@id\":\"https:\/\/woodfield.nl\/#website\",\"url\":\"https:\/\/woodfield.nl\/\",\"name\":\"Woodfield - alles voor schilder en stukadoor\",\"description\":\"\",\"potentialAction\":[{\"@type\":\"SearchAction\",\"target\":{\"@type\":\"EntryPoint\",\"urlTemplate\":\"https:\/\/woodfield.nl\/?s={search_term_string}\"},\"query-input\":{\"@type\":\"PropertyValueSpecification\",\"valueRequired\":true,\"valueName\":\"search_term_string\"}}],\"inLanguage\":\"de\"}]}<\/script>\n<!-- \/ Yoast SEO plugin. -->","yoast_head_json":{"title":"Woodfield - das Sortiment an Dichtungs- und Holzbearbeitungsmitteln von Soudal","description":"F\u00fcr Dichtungs- und Holzbearbeitungsmittel von Soudal k\u00f6nnen Sie sich an Woodfield wenden. Kontaktieren Sie uns f\u00fcr Informationen zu unserem Sortiment.","robots":{"index":"index","follow":"follow","max-snippet":"max-snippet:-1","max-image-preview":"max-image-preview:large","max-video-preview":"max-video-preview:-1"},"canonical":"https:\/\/woodfield.nl\/de\/sortiment-woodfield\/dichtungsmittel-und-holzbearbeitung\/soudal","og_locale":"de_DE","og_type":"article","og_title":"Woodfield - das Sortiment an Dichtungs- und Holzbearbeitungsmitteln von Soudal","og_description":"F\u00fcr Dichtungs- und Holzbearbeitungsmittel von Soudal k\u00f6nnen Sie sich an Woodfield wenden. Kontaktieren Sie uns f\u00fcr Informationen zu unserem Sortiment.","og_url":"https:\/\/woodfield.nl\/de\/sortiment-woodfield\/dichtungsmittel-und-holzbearbeitung\/soudal","og_site_name":"Woodfield - alles voor schilder en stukadoor","schema":{"@context":"https:\/\/schema.org","@graph":[{"@type":"WebPage","@id":"https:\/\/woodfield.nl\/de\/sortiment-woodfield\/dichtungsmittel-und-holzbearbeitung\/soudal","url":"https:\/\/woodfield.nl\/de\/sortiment-woodfield\/dichtungsmittel-und-holzbearbeitung\/soudal","name":"Woodfield - das Sortiment an Dichtungs- und Holzbearbeitungsmitteln von Soudal","isPartOf":{"@id":"https:\/\/woodfield.nl\/#website"},"datePublished":"2021-03-15T12:18:32+00:00","description":"F\u00fcr Dichtungs- und Holzbearbeitungsmittel von Soudal k\u00f6nnen Sie sich an Woodfield wenden. Kontaktieren Sie uns f\u00fcr Informationen zu unserem Sortiment.","breadcrumb":{"@id":"https:\/\/woodfield.nl\/de\/sortiment-woodfield\/dichtungsmittel-und-holzbearbeitung\/soudal#breadcrumb"},"inLanguage":"de","potentialAction":[{"@type":"ReadAction","target":["https:\/\/woodfield.nl\/de\/sortiment-woodfield\/dichtungsmittel-und-holzbearbeitung\/soudal"]}]},{"@type":"BreadcrumbList","@id":"https:\/\/woodfield.nl\/de\/sortiment-woodfield\/dichtungsmittel-und-holzbearbeitung\/soudal#breadcrumb","itemListElement":[{"@type":"ListItem","position":1,"name":"Woodfield-Sortiment","item":"https:\/\/woodfield.nl\/de\/sortiment-woodfield"},{"@type":"ListItem","position":2,"name":"Dichtungsmittel und Holzbearbeitung","item":"https:\/\/woodfield.nl\/de\/sortiment-woodfield\/dichtungsmittel-und-holzbearbeitung"},{"@type":"ListItem","position":3,"name":"Woodfield Dichtungsmittel und Holzbearbeitung \u2013 Soudal"}]},{"@type":"WebSite","@id":"https:\/\/woodfield.nl\/#website","url":"https:\/\/woodfield.nl\/","name":"Woodfield - alles voor schilder en stukadoor","description":"","potentialAction":[{"@type":"SearchAction","target":{"@type":"EntryPoint","urlTemplate":"https:\/\/woodfield.nl\/?s={search_term_string}"},"query-input":{"@type":"PropertyValueSpecification","valueRequired":true,"valueName":"search_term_string"}}],"inLanguage":"de"}]}},"_links":{"self":[{"href":"https:\/\/woodfield.nl\/de\/wp-json\/wp\/v2\/pages\/16299","targetHints":{"allow":["GET"]}}],"collection":[{"href":"https:\/\/woodfield.nl\/de\/wp-json\/wp\/v2\/pages"}],"about":[{"href":"https:\/\/woodfield.nl\/de\/wp-json\/wp\/v2\/types\/page"}],"author":[{"embeddable":true,"href":"https:\/\/woodfield.nl\/de\/wp-json\/wp\/v2\/users\/3"}],"replies":[{"embeddable":true,"href":"https:\/\/woodfield.nl\/de\/wp-json\/wp\/v2\/comments?post=16299"}],"version-history":[{"count":0,"href":"https:\/\/woodfield.nl\/de\/wp-json\/wp\/v2\/pages\/16299\/revisions"}],"up":[{"embeddable":true,"href":"https:\/\/woodfield.nl\/de\/wp-json\/wp\/v2\/pages\/16289"}],"wp:attachment":[{"href":"https:\/\/woodfield.nl\/de\/wp-json\/wp\/v2\/media?parent=16299"}],"curies":[{"name":"wp","href":"https:\/\/api.w.org\/{rel}","templated":true}]}}